{"id":351,"date":"2023-12-12T11:53:18","date_gmt":"2023-12-12T11:53:18","guid":{"rendered":"https:\/\/mederos-netzband.com\/?page_id=351"},"modified":"2025-11-03T14:17:04","modified_gmt":"2025-11-03T14:17:04","slug":"contrato","status":"publish","type":"page","link":"https:\/\/mederos-netzband.com\/de\/servicios\/contrato\/","title":{"rendered":"VERTRAG"},"content":{"rendered":"<div class=\"wp-block-group has-global-padding is-layout-constrained wp-block-group-is-layout-constrained\">\n<div class=\"wp-block-uagb-container uagb-block-f1f92854 alignfull uagb-is-root-container\"><div class=\"uagb-container-inner-blocks-wrap\">\n<div class=\"wp-block-uagb-container uagb-block-99d6642a default uagb-is-root-container\">\n<div class=\"wp-block-uagb-advanced-heading uagb-block-67285e5c\"><h3 class=\"uagb-heading-text\">Vertrag<\/h3><\/div>\n<\/div>\n\n\n\n<p class=\"has-secondary-color has-text-color has-link-color wp-elements-64d612d91f5324e61dd36325cb77514e\" style=\"margin-top:0;margin-right:0;margin-bottom:0;margin-left:0;padding-top:0;padding-right:0;padding-bottom:0;padding-left:0\">Wir sind spezialisiert auf die Erstellung, Vorbereitung und Ausf\u00fchrung von Vertr\u00e4gen aller Art und bieten Ihnen unsere langj\u00e4hrige Erfahrung in diesem Bereich an.<\/p>\n\n\n\n<p class=\"has-secondary-color has-text-color has-link-color wp-elements-502b9e60dc62add5ccf47d13981f8cb0\" style=\"margin-top:0;margin-bottom:0;padding-top:0;padding-bottom:0\">Dar\u00fcber hinaus bieten wir weitere vertragsbezogene Dienstleistungen an, wie z. B. Vertragsstreitigkeiten und\/oder deren Durchsetzung; Steuerangelegenheiten; und die Einreichung von Unterlagen bei den zust\u00e4ndigen Beh\u00f6rden\u2026<\/p>\n\n\n\n<p class=\"has-secondary-color has-text-color has-link-color wp-elements-aee4de51929208b1dfc548646e813c76\" style=\"margin-top:0;margin-bottom:0;padding-top:0;padding-bottom:0\">Sie k\u00f6nnen sich bei diesen Angelegenheiten jederzeit an uns wenden.<\/p>\n<\/div><\/div>\n<\/div>\n\n\n\n<div class=\"wp-block-uagb-container uagb-block-4807b7aa alignfull uagb-is-root-container\"><div class=\"uagb-container-inner-blocks-wrap\">\n<div class=\"wp-block-uagb-container uagb-block-42051952 alignfull uagb-is-root-container\"><div class=\"uagb-container-inner-blocks-wrap\">\n<div data-aos= \"fade-right\" data-aos-duration=\"400\" data-aos-delay=\"0\" data-aos-easing=\"ease\" data-aos-once=\"true\" class=\"wp-block-uagb-container uagb-block-c0ad021c alignfull uagb-is-root-container\"><div class=\"uagb-container-inner-blocks-wrap\">\n<div class=\"wp-block-uagb-container uagb-block-b40235d2\">\n<div class=\"wp-block-uagb-info-box uagb-block-b323e4b3 uagb-infobox__content-wrap  uagb-infobox-icon-left uagb-infobox-left uagb-infobox-stacked-mobile uagb-infobox-image-valign-top\"><div class=\"uagb-ifb-icon-wrap\"><div class=\"uagb-iconbox-icon-wrap uagb-infobox-shape-circle\"><svg xmlns=\"https:\/\/www.w3.org\/2000\/svg\" viewbox=\"0 0 512 512\"><path d=\"M511.2 387l-23.25 100.8c-3.266 14.25-15.79 24.22-30.46 24.22C205.2 512 0 306.8 0 54.5c0-14.66 9.969-27.2 24.22-30.45l100.8-23.25C139.7-2.602 154.7 5.018 160.8 18.92l46.52 108.5c5.438 12.78 1.77 27.67-8.98 36.45L144.5 207.1c33.98 69.22 90.26 125.5 159.5 159.5l44.08-53.8c8.688-10.78 23.69-14.51 36.47-8.975l108.5 46.51C506.1 357.2 514.6 372.4 511.2 387z\"><\/path><\/svg><\/div><\/div><div class=\"uagb-ifb-content\"><div class=\"uagb-ifb-title-wrap\"><h6 class=\"uagb-ifb-title\">OBT\u00c9N UNA CONSULTA<\/h6><\/div><p class=\"uagb-ifb-desc\"><strong>928 768 280<\/strong><\/p><\/div><\/div>\n<\/div>\n\n\n\n<div class=\"wp-block-uagb-container uagb-block-d43b0052\">\n<p class=\"has-text-align-left has-accent-text-color has-text-color has-small-font-size\">Ben\u00f6tigen Sie Rechtsberatung von Anw\u00e4lten auf Spanisch oder Deutsch?<\/p>\n<\/div>\n\n\n\n<div class=\"wp-block-uagb-container uagb-block-2f15e8af\">\n<div class=\"wp-block-uagb-buttons uagb-buttons__outer-wrap uagb-btn__default-btn uagb-btn-tablet__default-btn uagb-btn-mobile__default-btn uagb-block-e12c7df1\"><div class=\"uagb-buttons__wrap uagb-buttons-layout-wrap\">\n<div class=\"wp-block-uagb-buttons-child uagb-buttons__outer-wrap uagb-block-a2197062 wp-block-button\"><div class=\"uagb-button__wrapper\"><a class=\"uagb-buttons-repeater wp-block-button__link\" aria-label=\"\" href=\"https:\/\/mederos-netzband.com\/de\/contact\/\" rel=\"follow noopener\" target=\"_self\" role=\"button\"><div class=\"uagb-button__link\">EINEN TERMIN MACHEN<\/div><\/a><\/div><\/div>\n<\/div><\/div>\n<\/div>\n<\/div><\/div>\n<\/div><\/div>\n<\/div><\/div>","protected":false},"excerpt":{"rendered":"<p>Contrato Estamos especializados y ponemos a su servicio nuestra amplia experiencia tanto en la redacci\u00f3n, elaboraci\u00f3n y ejecuci\u00f3n de contratos de toda \u00edndole Adem\u00e1s, ponemos a su disposici\u00f3n otros servicios vinculados con los contratos, como por ejemplo puede ser su impugnaci\u00f3n y\/o cumplimiento; la liquidaci\u00f3n de impuestos que se devenguen; presentaci\u00f3n ante organismos \u2026 No [&hellip;]<\/p>","protected":false},"author":1,"featured_media":0,"parent":131,"menu_order":0,"comment_status":"closed","ping_status":"closed","template":"full-width","meta":{"_uag_custom_page_level_css":"","footnotes":""},"class_list":["post-351","page","type-page","status-publish","hentry"],"yoast_head":"<!-- This site is optimized with the Yoast SEO plugin v26.4 - https:\/\/yoast.com\/wordpress\/plugins\/seo\/ -->\n<title>CONTRATO - NETZBAND &amp; MEDEROS<\/title>\n<meta name=\"robots\" content=\"index, follow, max-snippet:-1, max-image-preview:large, max-video-preview:-1\" \/>\n<link rel=\"canonical\" href=\"https:\/\/mederos-netzband.com\/de\/servicios\/contrato\/\" \/>\n<meta property=\"og:locale\" content=\"de_DE\" \/>\n<meta property=\"og:type\" content=\"article\" \/>\n<meta property=\"og:title\" content=\"CONTRATO - NETZBAND &amp; MEDEROS\" \/>\n<meta property=\"og:description\" content=\"Contrato Estamos especializados y ponemos a su servicio nuestra amplia experiencia tanto en la redacci\u00f3n, elaboraci\u00f3n y ejecuci\u00f3n de contratos de toda \u00edndole Adem\u00e1s, ponemos a su disposici\u00f3n otros servicios vinculados con los contratos, como por ejemplo puede ser su impugnaci\u00f3n y\/o cumplimiento; la liquidaci\u00f3n de impuestos que se devenguen; presentaci\u00f3n ante organismos \u2026 No [&hellip;]\" \/>\n<meta property=\"og:url\" content=\"https:\/\/mederos-netzband.com\/de\/servicios\/contrato\/\" \/>\n<meta property=\"og:site_name\" content=\"NETZBAND &amp; MEDEROS\" \/>\n<meta property=\"article:modified_time\" content=\"2025-11-03T14:17:04+00:00\" \/>\n<meta property=\"og:image\" content=\"https:\/\/mederos-netzband.com\/wp-content\/uploads\/2023\/12\/cropped-logo_netzband-copia.png\" \/>\n\t<meta property=\"og:image:width\" content=\"512\" \/>\n\t<meta property=\"og:image:height\" content=\"512\" \/>\n\t<meta property=\"og:image:type\" content=\"image\/png\" \/>\n<meta name=\"twitter:card\" content=\"summary_large_image\" \/>\n<script type=\"application\/ld+json\" class=\"yoast-schema-graph\">{\"@context\":\"https:\/\/schema.org\",\"@graph\":[{\"@type\":\"WebPage\",\"@id\":\"https:\/\/mederos-netzband.com\/servicios\/contrato\/\",\"url\":\"https:\/\/mederos-netzband.com\/servicios\/contrato\/\",\"name\":\"CONTRATO - NETZBAND &amp; MEDEROS\",\"isPartOf\":{\"@id\":\"https:\/\/mederos-netzband.com\/#website\"},\"datePublished\":\"2023-12-12T11:53:18+00:00\",\"dateModified\":\"2025-11-03T14:17:04+00:00\",\"breadcrumb\":{\"@id\":\"https:\/\/mederos-netzband.com\/servicios\/contrato\/#breadcrumb\"},\"inLanguage\":\"de\",\"potentialAction\":[{\"@type\":\"ReadAction\",\"target\":[\"https:\/\/mederos-netzband.com\/servicios\/contrato\/\"]}]},{\"@type\":\"BreadcrumbList\",\"@id\":\"https:\/\/mederos-netzband.com\/servicios\/contrato\/#breadcrumb\",\"itemListElement\":[{\"@type\":\"ListItem\",\"position\":1,\"name\":\"inicio\",\"item\":\"https:\/\/mederos-netzband.com\/\"},{\"@type\":\"ListItem\",\"position\":2,\"name\":\"SERVICIOS\",\"item\":\"https:\/\/mederos-netzband.com\/servicios\/\"},{\"@type\":\"ListItem\",\"position\":3,\"name\":\"CONTRATO\"}]},{\"@type\":\"WebSite\",\"@id\":\"https:\/\/mederos-netzband.com\/#website\",\"url\":\"https:\/\/mederos-netzband.com\/\",\"name\":\"NETZBAND & MEDEROS\",\"description\":\"Despacho de abogados internacional\",\"publisher\":{\"@id\":\"https:\/\/mederos-netzband.com\/#organization\"},\"alternateName\":\"MEDEROS & NETZBAND\",\"potentialAction\":[{\"@type\":\"SearchAction\",\"target\":{\"@type\":\"EntryPoint\",\"urlTemplate\":\"https:\/\/mederos-netzband.com\/?s={search_term_string}\"},\"query-input\":{\"@type\":\"PropertyValueSpecification\",\"valueRequired\":true,\"valueName\":\"search_term_string\"}}],\"inLanguage\":\"de\"},{\"@type\":\"Organization\",\"@id\":\"https:\/\/mederos-netzband.com\/#organization\",\"name\":\"NETZBAND & MEDEROS\",\"alternateName\":\"MEDEROS & NETZBAND\",\"url\":\"https:\/\/mederos-netzband.com\/\",\"logo\":{\"@type\":\"ImageObject\",\"inLanguage\":\"de\",\"@id\":\"https:\/\/mederos-netzband.com\/#\/schema\/logo\/image\/\",\"url\":\"https:\/\/mederos-netzband.com\/wp-content\/uploads\/2023\/11\/logo_netzband.png\",\"contentUrl\":\"https:\/\/mederos-netzband.com\/wp-content\/uploads\/2023\/11\/logo_netzband.png\",\"width\":1777,\"height\":248,\"caption\":\"NETZBAND & MEDEROS\"},\"image\":{\"@id\":\"https:\/\/mederos-netzband.com\/#\/schema\/logo\/image\/\"}}]}<\/script>\n<!-- \/ Yoast SEO plugin. -->","yoast_head_json":{"title":"CONTRATO - NETZBAND &amp; MEDEROS","robots":{"index":"index","follow":"follow","max-snippet":"max-snippet:-1","max-image-preview":"max-image-preview:large","max-video-preview":"max-video-preview:-1"},"canonical":"https:\/\/mederos-netzband.com\/de\/servicios\/contrato\/","og_locale":"de_DE","og_type":"article","og_title":"CONTRATO - NETZBAND &amp; MEDEROS","og_description":"Contrato Estamos especializados y ponemos a su servicio nuestra amplia experiencia tanto en la redacci\u00f3n, elaboraci\u00f3n y ejecuci\u00f3n de contratos de toda \u00edndole Adem\u00e1s, ponemos a su disposici\u00f3n otros servicios vinculados con los contratos, como por ejemplo puede ser su impugnaci\u00f3n y\/o cumplimiento; la liquidaci\u00f3n de impuestos que se devenguen; presentaci\u00f3n ante organismos \u2026 No [&hellip;]","og_url":"https:\/\/mederos-netzband.com\/de\/servicios\/contrato\/","og_site_name":"NETZBAND &amp; MEDEROS","article_modified_time":"2025-11-03T14:17:04+00:00","og_image":[{"width":512,"height":512,"url":"https:\/\/mederos-netzband.com\/wp-content\/uploads\/2023\/12\/cropped-logo_netzband-copia.png","type":"image\/png"}],"twitter_card":"summary_large_image","schema":{"@context":"https:\/\/schema.org","@graph":[{"@type":"WebPage","@id":"https:\/\/mederos-netzband.com\/servicios\/contrato\/","url":"https:\/\/mederos-netzband.com\/servicios\/contrato\/","name":"CONTRATO - NETZBAND &amp; MEDEROS","isPartOf":{"@id":"https:\/\/mederos-netzband.com\/#website"},"datePublished":"2023-12-12T11:53:18+00:00","dateModified":"2025-11-03T14:17:04+00:00","breadcrumb":{"@id":"https:\/\/mederos-netzband.com\/servicios\/contrato\/#breadcrumb"},"inLanguage":"de","potentialAction":[{"@type":"ReadAction","target":["https:\/\/mederos-netzband.com\/servicios\/contrato\/"]}]},{"@type":"BreadcrumbList","@id":"https:\/\/mederos-netzband.com\/servicios\/contrato\/#breadcrumb","itemListElement":[{"@type":"ListItem","position":1,"name":"inicio","item":"https:\/\/mederos-netzband.com\/"},{"@type":"ListItem","position":2,"name":"SERVICIOS","item":"https:\/\/mederos-netzband.com\/servicios\/"},{"@type":"ListItem","position":3,"name":"CONTRATO"}]},{"@type":"WebSite","@id":"https:\/\/mederos-netzband.com\/#website","url":"https:\/\/mederos-netzband.com\/","name":"NETZBAND & MEDEROS","description":"Despacho de abogados internacional","publisher":{"@id":"https:\/\/mederos-netzband.com\/#organization"},"alternateName":"MEDEROS & NETZBAND","potentialAction":[{"@type":"SearchAction","target":{"@type":"EntryPoint","urlTemplate":"https:\/\/mederos-netzband.com\/?s={search_term_string}"},"query-input":{"@type":"PropertyValueSpecification","valueRequired":true,"valueName":"search_term_string"}}],"inLanguage":"de"},{"@type":"Organization","@id":"https:\/\/mederos-netzband.com\/#organization","name":"NETZBAND & MEDEROS","alternateName":"MEDEROS & NETZBAND","url":"https:\/\/mederos-netzband.com\/","logo":{"@type":"ImageObject","inLanguage":"de","@id":"https:\/\/mederos-netzband.com\/#\/schema\/logo\/image\/","url":"https:\/\/mederos-netzband.com\/wp-content\/uploads\/2023\/11\/logo_netzband.png","contentUrl":"https:\/\/mederos-netzband.com\/wp-content\/uploads\/2023\/11\/logo_netzband.png","width":1777,"height":248,"caption":"NETZBAND & MEDEROS"},"image":{"@id":"https:\/\/mederos-netzband.com\/#\/schema\/logo\/image\/"}}]}},"uagb_featured_image_src":{"full":false,"thumbnail":false,"medium":false,"medium_large":false,"large":false,"1536x1536":false,"2048x2048":false,"trp-custom-language-flag":false},"uagb_author_info":{"display_name":"admin","author_link":"https:\/\/mederos-netzband.com\/de\/author\/admin\/"},"uagb_comment_info":0,"uagb_excerpt":"Contrato Estamos especializados y ponemos a su servicio nuestra amplia experiencia tanto en la redacci\u00f3n, elaboraci\u00f3n y ejecuci\u00f3n de contratos de toda \u00edndole Adem\u00e1s, ponemos a su disposici\u00f3n otros servicios vinculados con los contratos, como por ejemplo puede ser su impugnaci\u00f3n y\/o cumplimiento; la liquidaci\u00f3n de impuestos que se devenguen; presentaci\u00f3n ante organismos \u2026 No&hellip;","_links":{"self":[{"href":"https:\/\/mederos-netzband.com\/de\/wp-json\/wp\/v2\/pages\/351","targetHints":{"allow":["GET"]}}],"collection":[{"href":"https:\/\/mederos-netzband.com\/de\/wp-json\/wp\/v2\/pages"}],"about":[{"href":"https:\/\/mederos-netzband.com\/de\/wp-json\/wp\/v2\/types\/page"}],"author":[{"embeddable":true,"href":"https:\/\/mederos-netzband.com\/de\/wp-json\/wp\/v2\/users\/1"}],"replies":[{"embeddable":true,"href":"https:\/\/mederos-netzband.com\/de\/wp-json\/wp\/v2\/comments?post=351"}],"version-history":[{"count":7,"href":"https:\/\/mederos-netzband.com\/de\/wp-json\/wp\/v2\/pages\/351\/revisions"}],"predecessor-version":[{"id":828,"href":"https:\/\/mederos-netzband.com\/de\/wp-json\/wp\/v2\/pages\/351\/revisions\/828"}],"up":[{"embeddable":true,"href":"https:\/\/mederos-netzband.com\/de\/wp-json\/wp\/v2\/pages\/131"}],"wp:attachment":[{"href":"https:\/\/mederos-netzband.com\/de\/wp-json\/wp\/v2\/media?parent=351"}],"curies":[{"name":"wp","href":"https:\/\/api.w.org\/{rel}","templated":true}]}}