{"id":236,"date":"2023-12-07T12:24:55","date_gmt":"2023-12-07T12:24:55","guid":{"rendered":"https:\/\/mederos-netzband.com\/?page_id=236"},"modified":"2025-11-03T14:14:44","modified_gmt":"2025-11-03T14:14:44","slug":"elsa-mederos-fernandes","status":"publish","type":"page","link":"https:\/\/mederos-netzband.com\/de\/socios\/elsa-mederos-fernandes\/","title":{"rendered":"ELSA MEDEROS FERNANDES"},"content":{"rendered":"<div class=\"wp-block-uagb-container uagb-block-590cf2ee alignfull uagb-is-root-container\"><div class=\"uagb-container-inner-blocks-wrap\">\n<div class=\"wp-block-uagb-container uagb-block-6bb62b88 default uagb-is-root-container\">\n<div class=\"wp-block-uagb-container uagb-block-59b7dbf3\">\n<div class=\"wp-block-uagb-image uagb-block-9f8379cd wp-block-uagb-image--layout-default wp-block-uagb-image--effect-static wp-block-uagb-image--align-none\"><figure class=\"wp-block-uagb-image__figure\"><img decoding=\"async\" srcset=\"https:\/\/mederos-netzband.com\/wp-content\/uploads\/2024\/01\/Imagen-de-WhatsApp-2024-01-11-a-las-10.10.30_0600dd0d.jpg ,https:\/\/mederos-netzband.com\/wp-content\/uploads\/2024\/01\/Imagen-de-WhatsApp-2024-01-11-a-las-10.10.30_0600dd0d.jpg 780w, https:\/\/mederos-netzband.com\/wp-content\/uploads\/2024\/01\/Imagen-de-WhatsApp-2024-01-11-a-las-10.10.30_0600dd0d.jpg 360w\" sizes=\"auto, (max-width: 480px) 150px\" src=\"https:\/\/mederos-netzband.com\/wp-content\/uploads\/2024\/01\/Imagen-de-WhatsApp-2024-01-11-a-las-10.10.30_0600dd0d.jpg\" alt=\"\" class=\"uag-image-751\" width=\"540\" height=\"540\" title=\"\" loading=\"lazy\" role=\"img\"\/><\/figure><\/div>\n\n\n\n<div class=\"wp-block-uagb-container uagb-block-b7bd08f5 alignwide uagb-is-root-container\">      \n\t\t\t<div class=\"uagb-icon-wrapper uagb-block-4e8cbf36  wp-block-uagb-icon--has-margin\"\n\t\t\tstyle=\"\" >\n\t\t\t\t\t\t\t\t<div class='uagb-icon-margin-wrapper'>\n\t\t\t\t\t\t\t\t\t<span class=\"uagb-svg-wrapper\" \n\t\t\t\t\t aria-label=\"quote-left\"\t\t\t\t\ttabindex=\"0\">\t\t\n\t\t\t\t\t\t\t\t\t\t<svg xmlns=\"https:\/\/www.w3.org\/2000\/svg\" viewbox= \"0 0 448 512\" role=\"graphics-symbol\" aria-hidden=\"false\" aria-label=\"\"><path d=\"M96 224C84.72 224 74.05 226.3 64 229.9V224c0-35.3 28.7-64 64-64c17.67 0 32-14.33 32-32S145.7 96 128 96C57.42 96 0 153.4 0 224v96c0 53.02 42.98 96 96 96s96-42.98 96-96S149 224 96 224zM352 224c-11.28 0-21.95 2.305-32 5.879V224c0-35.3 28.7-64 64-64c17.67 0 32-14.33 32-32s-14.33-32-32-32c-70.58 0-128 57.42-128 128v96c0 53.02 42.98 96 96 96s96-42.98 96-96S405 224 352 224z\"><\/path><\/svg>\n\t\t\t\t\t\t\t\t\t<\/span>\n\t\t\t\t\t\t\t\t<\/div>\n\t\t\t\t\t\t\t<\/div>\n\t\t\t\n\n\n<p class=\"has-accent-text-color has-text-color\">Rechtsanwalt<\/p>\n<\/div>\n<\/div>\n\n\n\n<div class=\"wp-block-uagb-container uagb-block-5c6c6a4e\">\n<div class=\"wp-block-uagb-advanced-heading uagb-block-b423c1bd\"><h2 class=\"uagb-heading-text\"><strong><strong>ELSA MEDEROS FERNANDES<\/strong><\/strong><\/h2><\/div>\n\n\n\n<p class=\"has-secondary-color has-text-color has-link-color wp-elements-89974a05a2e18b6f6c37c81dcecd853b\">Rechtsanwalt eingetragen in der Illustrious Bar Association von Las Palmas de Gran Canaria, Mitgliedsnummer 2.776. Befugt, vor allen Gerichten und Instanzen im Hoheitsgebiet Spaniens aufzutreten.<\/p>\n\n\n\n<p class=\"has-secondary-color has-text-color has-link-color wp-elements-bea14f061cbf1588d812f1f4a9ea33e6\">2.000 gr\u00fcndeten die spanisch-deutsche internationale Firma NETZBAND &amp; MEDEROS, Las Palmas de Gran Canaria, 2004 die Firma Playa del Ingl\u00e9s.<\/p>\n\n\n\n<p class=\"has-secondary-color has-text-color has-link-color wp-elements-9ab710cf8c468622e0769e4dc7d6d8ac\"><\/p>\n\n\n\n<p class=\"has-secondary-color has-text-color has-link-color wp-elements-9ab710cf8c468622e0769e4dc7d6d8ac\"><\/p>\n\n\n\n<p class=\"has-secondary-color has-text-color has-link-color wp-elements-9ab710cf8c468622e0769e4dc7d6d8ac\"><\/p>\n\n\n\n<p class=\"has-secondary-color has-text-color has-link-color wp-elements-9ab710cf8c468622e0769e4dc7d6d8ac\"><\/p>\n<\/div>\n<\/div>\n\n\n\n<h3 class=\"wp-block-heading\"><strong>Universit\u00e4ts Studien<\/strong>:<\/h3>\n\n\n\n<p class=\"has-secondary-color has-text-color has-link-color has-small-font-size wp-elements-86f18f2d0cb37b829a499cd58bbf5022\" style=\"margin-top:var(--wp--preset--spacing--xx-small);margin-bottom:var(--wp--preset--spacing--xx-small);padding-top:0;padding-bottom:0\">1988 bis 1994 Studium der Rechtswissenschaften an der Universit\u00e4t Las Palmas de Gran Canaria, Abschluss als Rechtsanwalt mit der Berechtigung, im gesamten spanischen Hoheitsgebiet als Rechtsanwalt t\u00e4tig zu sein<\/p>\n\n\n\n<p class=\"has-secondary-color has-text-color has-link-color has-small-font-size wp-elements-ce1a7051ae861c58156358183966317e\" style=\"margin-top:var(--wp--preset--spacing--xx-small);margin-bottom:var(--wp--preset--spacing--xx-small);padding-top:0;padding-bottom:0\">1994 Eintragung als Rechtsanwalt in die Anwaltskammer von Las Palmas de Gran Canaria, Mitgliedsnummer 2.774.&nbsp;<\/p>\n\n\n\n<p class=\"has-secondary-color has-text-color has-link-color has-small-font-size wp-elements-b45e08bc34f1596ce6b90756366e5d14\" style=\"margin-top:var(--wp--preset--spacing--xx-small);margin-bottom:var(--wp--preset--spacing--xx-small);padding-top:0;padding-bottom:0\">1999 Versicherungsausbildung, Abschluss als Versicherungsmanager.<\/p>\n\n\n\n<p class=\"has-secondary-color has-text-color has-link-color has-small-font-size wp-elements-9dfc4c631fd9648683e419a48202ce65\" style=\"margin-top:var(--wp--preset--spacing--xx-small);margin-bottom:var(--wp--preset--spacing--xx-small)\">1999 bis 2.000 Referendar f\u00fcr Rechtspraxis der Anwaltskammer Las Palmas de Gran Canaria.<\/p>\n\n\n\n<h3 class=\"wp-block-heading\"><strong>Spezialisierung<\/strong>:<\/h3>\n\n\n\n<p class=\"has-secondary-color has-text-color has-link-color wp-elements-4dd1f5066e86814ad0ea916f253395c5\" style=\"margin-top:0;margin-right:0;margin-bottom:0;margin-left:0;padding-top:0;padding-right:0;padding-bottom:0;padding-left:0\">Zivilrecht, Strafrecht, Familienrecht.<\/p>\n\n\n\n<p class=\"has-secondary-color has-text-color has-link-color wp-elements-3d50b0121087675bc55fa34850adf4b0\" style=\"margin-top:0;margin-right:0;margin-bottom:0;margin-left:0\">Erbrecht, Einwanderungsrecht.<\/p>\n\n\n\n<p class=\"has-secondary-color has-text-color has-link-color wp-elements-6a524f1579ea27c9dc065e6e93a98ee4\" style=\"margin-top:0;margin-right:0;margin-bottom:0;margin-left:0\">Recht auf Anspr\u00fcche, Schadensersatz.<\/p>\n\n\n\n<h3 class=\"wp-block-heading\"><strong>Arbeitspl\u00e4tze<\/strong>:<\/h3>\n\n\n\n<p class=\"has-secondary-color has-text-color has-link-color has-small-font-size wp-elements-ae0bb090df95f5d48dd4a9929b06963c\" style=\"margin-top:var(--wp--preset--spacing--xx-small);margin-bottom:var(--wp--preset--spacing--xx-small);padding-top:0;padding-bottom:0\">1993 bis 1994 Hilfst\u00e4tigkeit in der Anwaltskanzlei JUAN MORENO, Rechtsanwalt in Las Palmas de Gran Canaria.<\/p>\n\n\n\n<p class=\"has-secondary-color has-text-color has-link-color has-small-font-size wp-elements-9331c025cf754495f1ee26b064ea4049\" style=\"margin-top:var(--wp--preset--spacing--xx-small);margin-bottom:var(--wp--preset--spacing--xx-small);padding-top:0;padding-bottom:0\">1995 Rechtsanwalt in der Anwaltskanzlei JOSE DIAZ Rechtsanw\u00e4lte.<\/p>\n\n\n\n<p class=\"has-secondary-color has-text-color has-link-color has-small-font-size wp-elements-32ea2ce282bef83d5ed61fc80c4f55b3\" style=\"margin-top:var(--wp--preset--spacing--xx-small);margin-bottom:var(--wp--preset--spacing--xx-small);padding-top:0;padding-bottom:0\">1996 bis 2000 Rechtsanw\u00e4ltin in einer multidisziplin\u00e4ren Anwaltskanzlei in Las Palmas de Gran Canaria, ELISA SUAREZ SAMPER, IVAN VENTURA DIAZ, MANUEL RODRIGUEZ MARTINEZ, ELSA MEDEROS FERNANDES, befasst sich mit Einwanderungsrecht, Straf- und Zivilsachen.<\/p>\n\n\n\n<p class=\"has-secondary-color has-text-color has-link-color has-small-font-size wp-elements-eb8b4d8788a786b5241b0bbc0ac70735\" style=\"margin-top:var(--wp--preset--spacing--xx-small);margin-bottom:var(--wp--preset--spacing--xx-small)\">1999 bis 2004 B\u00fcro der Anwaltskammer von Las Palmas de Gran Canaria<\/p>\n\n\n\n<p class=\"has-secondary-color has-text-color has-link-color has-small-font-size wp-elements-26f88cfbf5e18d2e8b7c2687c71725f9\" style=\"margin-top:var(--wp--preset--spacing--xx-small);margin-bottom:var(--wp--preset--spacing--xx-small)\">2.000 Gr\u00fcndung der spanisch-deutschen internationalen Firma NETZBAND &amp; MEDEROS in Las Palmas de Gran Canaria<\/p>\n\n\n\n<p class=\"has-secondary-color has-text-color has-link-color has-small-font-size wp-elements-50b15e6c145d5839d6fe331c4111bb04\" style=\"margin-top:var(--wp--preset--spacing--xx-small);margin-bottom:var(--wp--preset--spacing--xx-small)\">2004 NETZBAND &amp; MEDEROS B\u00fcro Playa del Ingl\u00e9s.<\/p>\n\n\n\n<div class=\"wp-block-uagb-container uagb-block-9294f88b\">\n<div data-aos= \"fade-right\" data-aos-duration=\"400\" data-aos-delay=\"0\" data-aos-easing=\"ease\" data-aos-once=\"true\" class=\"wp-block-uagb-container uagb-block-c0ad021c alignfull uagb-is-root-container\"><div class=\"uagb-container-inner-blocks-wrap\">\n<div class=\"wp-block-uagb-container uagb-block-b40235d2\">\n<div class=\"wp-block-uagb-info-box uagb-block-b323e4b3 uagb-infobox__content-wrap  uagb-infobox-icon-left uagb-infobox-left uagb-infobox-stacked-mobile uagb-infobox-image-valign-top\"><div class=\"uagb-ifb-icon-wrap\"><div class=\"uagb-iconbox-icon-wrap uagb-infobox-shape-circle\"><svg xmlns=\"https:\/\/www.w3.org\/2000\/svg\" viewbox=\"0 0 512 512\"><path d=\"M511.2 387l-23.25 100.8c-3.266 14.25-15.79 24.22-30.46 24.22C205.2 512 0 306.8 0 54.5c0-14.66 9.969-27.2 24.22-30.45l100.8-23.25C139.7-2.602 154.7 5.018 160.8 18.92l46.52 108.5c5.438 12.78 1.77 27.67-8.98 36.45L144.5 207.1c33.98 69.22 90.26 125.5 159.5 159.5l44.08-53.8c8.688-10.78 23.69-14.51 36.47-8.975l108.5 46.51C506.1 357.2 514.6 372.4 511.2 387z\"><\/path><\/svg><\/div><\/div><div class=\"uagb-ifb-content\"><div class=\"uagb-ifb-title-wrap\"><h6 class=\"uagb-ifb-title\">OBT\u00c9N UNA CONSULTA<\/h6><\/div><p class=\"uagb-ifb-desc\"><strong>928 768 280<\/strong><\/p><\/div><\/div>\n<\/div>\n\n\n\n<div class=\"wp-block-uagb-container uagb-block-d43b0052\">\n<p class=\"has-text-align-left has-accent-text-color has-text-color has-small-font-size\">Ben\u00f6tigen Sie Rechtsberatung von Anw\u00e4lten auf Spanisch oder Deutsch?<\/p>\n<\/div>\n\n\n\n<div class=\"wp-block-uagb-container uagb-block-2f15e8af\">\n<div class=\"wp-block-uagb-buttons uagb-buttons__outer-wrap uagb-btn__default-btn uagb-btn-tablet__default-btn uagb-btn-mobile__default-btn uagb-block-e12c7df1\"><div class=\"uagb-buttons__wrap uagb-buttons-layout-wrap\">\n<div class=\"wp-block-uagb-buttons-child uagb-buttons__outer-wrap uagb-block-a2197062 wp-block-button\"><div class=\"uagb-button__wrapper\"><a class=\"uagb-buttons-repeater wp-block-button__link\" aria-label=\"\" href=\"https:\/\/mederos-netzband.com\/de\/contact\/\" rel=\"follow noopener\" target=\"_self\" role=\"button\"><div class=\"uagb-button__link\">EINEN TERMIN MACHEN<\/div><\/a><\/div><\/div>\n<\/div><\/div>\n<\/div>\n<\/div><\/div>\n<\/div>\n<\/div><\/div>","protected":false},"excerpt":{"rendered":"<p>Abogada ELSA MEDEROS FERNANDES Abogada colegiada en el Ilustre Colegio de Abogados de Las Palmas de Gran Canaria, colegiada n\u00famero 2.776. Facultada para actuar en todos los Juzgados e Instancias del territorio de Espa\u00f1a. 2.000 funda&nbsp;despacho internacional hispano- alem\u00e1n NETZBAND&nbsp;&amp; MEDEROS, Las Palmas de Gran Canaria, 2004 Despacho Playa del Ingl\u00e9s. Estudios Universitarios: 1988&nbsp;hasta 1994 [&hellip;]<\/p>","protected":false},"author":1,"featured_media":0,"parent":127,"menu_order":0,"comment_status":"closed","ping_status":"closed","template":"full-width","meta":{"_uag_custom_page_level_css":"","footnotes":""},"class_list":["post-236","page","type-page","status-publish","hentry"],"yoast_head":"<!-- This site is optimized with the Yoast SEO plugin v26.4 - https:\/\/yoast.com\/wordpress\/plugins\/seo\/ -->\n<title>ELSA MEDEROS FERNANDES - NETZBAND &amp; MEDEROS<\/title>\n<meta name=\"robots\" content=\"index, follow, max-snippet:-1, max-image-preview:large, max-video-preview:-1\" \/>\n<link rel=\"canonical\" href=\"https:\/\/mederos-netzband.com\/de\/socios\/elsa-mederos-fernandes\/\" \/>\n<meta property=\"og:locale\" content=\"de_DE\" \/>\n<meta property=\"og:type\" content=\"article\" \/>\n<meta property=\"og:title\" content=\"ELSA MEDEROS FERNANDES - NETZBAND &amp; MEDEROS\" \/>\n<meta property=\"og:description\" content=\"Abogada ELSA MEDEROS FERNANDES Abogada colegiada en el Ilustre Colegio de Abogados de Las Palmas de Gran Canaria, colegiada n\u00famero 2.776. Facultada para actuar en todos los Juzgados e Instancias del territorio de Espa\u00f1a. 2.000 funda&nbsp;despacho internacional hispano- alem\u00e1n NETZBAND&nbsp;&amp; MEDEROS, Las Palmas de Gran Canaria, 2004 Despacho Playa del Ingl\u00e9s. Estudios Universitarios: 1988&nbsp;hasta 1994 [&hellip;]\" \/>\n<meta property=\"og:url\" content=\"https:\/\/mederos-netzband.com\/de\/socios\/elsa-mederos-fernandes\/\" \/>\n<meta property=\"og:site_name\" content=\"NETZBAND &amp; MEDEROS\" \/>\n<meta property=\"article:modified_time\" content=\"2025-11-03T14:14:44+00:00\" \/>\n<meta property=\"og:image\" content=\"https:\/\/mederos-netzband.com\/wp-content\/uploads\/2024\/01\/Imagen-de-WhatsApp-2024-01-11-a-las-10.10.30_0600dd0d.jpg\" \/>\n<meta name=\"twitter:card\" content=\"summary_large_image\" \/>\n<meta name=\"twitter:label1\" content=\"Gesch\u00e4tzte Lesezeit\" \/>\n\t<meta name=\"twitter:data1\" content=\"2\u00a0Minuten\" \/>\n<script type=\"application\/ld+json\" class=\"yoast-schema-graph\">{\"@context\":\"https:\/\/schema.org\",\"@graph\":[{\"@type\":\"WebPage\",\"@id\":\"https:\/\/mederos-netzband.com\/socios\/elsa-mederos-fernandes\/\",\"url\":\"https:\/\/mederos-netzband.com\/socios\/elsa-mederos-fernandes\/\",\"name\":\"ELSA MEDEROS FERNANDES - NETZBAND &amp; MEDEROS\",\"isPartOf\":{\"@id\":\"https:\/\/mederos-netzband.com\/#website\"},\"primaryImageOfPage\":{\"@id\":\"https:\/\/mederos-netzband.com\/socios\/elsa-mederos-fernandes\/#primaryimage\"},\"image\":{\"@id\":\"https:\/\/mederos-netzband.com\/socios\/elsa-mederos-fernandes\/#primaryimage\"},\"thumbnailUrl\":\"https:\/\/mederos-netzband.com\/wp-content\/uploads\/2024\/01\/Imagen-de-WhatsApp-2024-01-11-a-las-10.10.30_0600dd0d.jpg\",\"datePublished\":\"2023-12-07T12:24:55+00:00\",\"dateModified\":\"2025-11-03T14:14:44+00:00\",\"breadcrumb\":{\"@id\":\"https:\/\/mederos-netzband.com\/socios\/elsa-mederos-fernandes\/#breadcrumb\"},\"inLanguage\":\"de\",\"potentialAction\":[{\"@type\":\"ReadAction\",\"target\":[\"https:\/\/mederos-netzband.com\/socios\/elsa-mederos-fernandes\/\"]}]},{\"@type\":\"ImageObject\",\"inLanguage\":\"de\",\"@id\":\"https:\/\/mederos-netzband.com\/socios\/elsa-mederos-fernandes\/#primaryimage\",\"url\":\"https:\/\/mederos-netzband.com\/wp-content\/uploads\/2024\/01\/Imagen-de-WhatsApp-2024-01-11-a-las-10.10.30_0600dd0d.jpg\",\"contentUrl\":\"https:\/\/mederos-netzband.com\/wp-content\/uploads\/2024\/01\/Imagen-de-WhatsApp-2024-01-11-a-las-10.10.30_0600dd0d.jpg\"},{\"@type\":\"BreadcrumbList\",\"@id\":\"https:\/\/mederos-netzband.com\/socios\/elsa-mederos-fernandes\/#breadcrumb\",\"itemListElement\":[{\"@type\":\"ListItem\",\"position\":1,\"name\":\"inicio\",\"item\":\"https:\/\/mederos-netzband.com\/\"},{\"@type\":\"ListItem\",\"position\":2,\"name\":\"SOCIOS\",\"item\":\"https:\/\/mederos-netzband.com\/socios\/\"},{\"@type\":\"ListItem\",\"position\":3,\"name\":\"ELSA MEDEROS FERNANDES\"}]},{\"@type\":\"WebSite\",\"@id\":\"https:\/\/mederos-netzband.com\/#website\",\"url\":\"https:\/\/mederos-netzband.com\/\",\"name\":\"NETZBAND & MEDEROS\",\"description\":\"Despacho de abogados internacional\",\"publisher\":{\"@id\":\"https:\/\/mederos-netzband.com\/#organization\"},\"alternateName\":\"MEDEROS & NETZBAND\",\"potentialAction\":[{\"@type\":\"SearchAction\",\"target\":{\"@type\":\"EntryPoint\",\"urlTemplate\":\"https:\/\/mederos-netzband.com\/?s={search_term_string}\"},\"query-input\":{\"@type\":\"PropertyValueSpecification\",\"valueRequired\":true,\"valueName\":\"search_term_string\"}}],\"inLanguage\":\"de\"},{\"@type\":\"Organization\",\"@id\":\"https:\/\/mederos-netzband.com\/#organization\",\"name\":\"NETZBAND & MEDEROS\",\"alternateName\":\"MEDEROS & NETZBAND\",\"url\":\"https:\/\/mederos-netzband.com\/\",\"logo\":{\"@type\":\"ImageObject\",\"inLanguage\":\"de\",\"@id\":\"https:\/\/mederos-netzband.com\/#\/schema\/logo\/image\/\",\"url\":\"https:\/\/mederos-netzband.com\/wp-content\/uploads\/2023\/11\/logo_netzband.png\",\"contentUrl\":\"https:\/\/mederos-netzband.com\/wp-content\/uploads\/2023\/11\/logo_netzband.png\",\"width\":1777,\"height\":248,\"caption\":\"NETZBAND & MEDEROS\"},\"image\":{\"@id\":\"https:\/\/mederos-netzband.com\/#\/schema\/logo\/image\/\"}}]}<\/script>\n<!-- \/ Yoast SEO plugin. -->","yoast_head_json":{"title":"ELSA MEDEROS FERNANDES - NETZBAND &amp; MEDEROS","robots":{"index":"index","follow":"follow","max-snippet":"max-snippet:-1","max-image-preview":"max-image-preview:large","max-video-preview":"max-video-preview:-1"},"canonical":"https:\/\/mederos-netzband.com\/de\/socios\/elsa-mederos-fernandes\/","og_locale":"de_DE","og_type":"article","og_title":"ELSA MEDEROS FERNANDES - NETZBAND &amp; MEDEROS","og_description":"Abogada ELSA MEDEROS FERNANDES Abogada colegiada en el Ilustre Colegio de Abogados de Las Palmas de Gran Canaria, colegiada n\u00famero 2.776. Facultada para actuar en todos los Juzgados e Instancias del territorio de Espa\u00f1a. 2.000 funda&nbsp;despacho internacional hispano- alem\u00e1n NETZBAND&nbsp;&amp; MEDEROS, Las Palmas de Gran Canaria, 2004 Despacho Playa del Ingl\u00e9s. Estudios Universitarios: 1988&nbsp;hasta 1994 [&hellip;]","og_url":"https:\/\/mederos-netzband.com\/de\/socios\/elsa-mederos-fernandes\/","og_site_name":"NETZBAND &amp; MEDEROS","article_modified_time":"2025-11-03T14:14:44+00:00","og_image":[{"url":"https:\/\/mederos-netzband.com\/wp-content\/uploads\/2024\/01\/Imagen-de-WhatsApp-2024-01-11-a-las-10.10.30_0600dd0d.jpg","type":"","width":"","height":""}],"twitter_card":"summary_large_image","twitter_misc":{"Gesch\u00e4tzte Lesezeit":"2\u00a0Minuten"},"schema":{"@context":"https:\/\/schema.org","@graph":[{"@type":"WebPage","@id":"https:\/\/mederos-netzband.com\/socios\/elsa-mederos-fernandes\/","url":"https:\/\/mederos-netzband.com\/socios\/elsa-mederos-fernandes\/","name":"ELSA MEDEROS FERNANDES - NETZBAND &amp; MEDEROS","isPartOf":{"@id":"https:\/\/mederos-netzband.com\/#website"},"primaryImageOfPage":{"@id":"https:\/\/mederos-netzband.com\/socios\/elsa-mederos-fernandes\/#primaryimage"},"image":{"@id":"https:\/\/mederos-netzband.com\/socios\/elsa-mederos-fernandes\/#primaryimage"},"thumbnailUrl":"https:\/\/mederos-netzband.com\/wp-content\/uploads\/2024\/01\/Imagen-de-WhatsApp-2024-01-11-a-las-10.10.30_0600dd0d.jpg","datePublished":"2023-12-07T12:24:55+00:00","dateModified":"2025-11-03T14:14:44+00:00","breadcrumb":{"@id":"https:\/\/mederos-netzband.com\/socios\/elsa-mederos-fernandes\/#breadcrumb"},"inLanguage":"de","potentialAction":[{"@type":"ReadAction","target":["https:\/\/mederos-netzband.com\/socios\/elsa-mederos-fernandes\/"]}]},{"@type":"ImageObject","inLanguage":"de","@id":"https:\/\/mederos-netzband.com\/socios\/elsa-mederos-fernandes\/#primaryimage","url":"https:\/\/mederos-netzband.com\/wp-content\/uploads\/2024\/01\/Imagen-de-WhatsApp-2024-01-11-a-las-10.10.30_0600dd0d.jpg","contentUrl":"https:\/\/mederos-netzband.com\/wp-content\/uploads\/2024\/01\/Imagen-de-WhatsApp-2024-01-11-a-las-10.10.30_0600dd0d.jpg"},{"@type":"BreadcrumbList","@id":"https:\/\/mederos-netzband.com\/socios\/elsa-mederos-fernandes\/#breadcrumb","itemListElement":[{"@type":"ListItem","position":1,"name":"inicio","item":"https:\/\/mederos-netzband.com\/"},{"@type":"ListItem","position":2,"name":"SOCIOS","item":"https:\/\/mederos-netzband.com\/socios\/"},{"@type":"ListItem","position":3,"name":"ELSA MEDEROS FERNANDES"}]},{"@type":"WebSite","@id":"https:\/\/mederos-netzband.com\/#website","url":"https:\/\/mederos-netzband.com\/","name":"NETZBAND & MEDEROS","description":"Despacho de abogados internacional","publisher":{"@id":"https:\/\/mederos-netzband.com\/#organization"},"alternateName":"MEDEROS & NETZBAND","potentialAction":[{"@type":"SearchAction","target":{"@type":"EntryPoint","urlTemplate":"https:\/\/mederos-netzband.com\/?s={search_term_string}"},"query-input":{"@type":"PropertyValueSpecification","valueRequired":true,"valueName":"search_term_string"}}],"inLanguage":"de"},{"@type":"Organization","@id":"https:\/\/mederos-netzband.com\/#organization","name":"NETZBAND & MEDEROS","alternateName":"MEDEROS & NETZBAND","url":"https:\/\/mederos-netzband.com\/","logo":{"@type":"ImageObject","inLanguage":"de","@id":"https:\/\/mederos-netzband.com\/#\/schema\/logo\/image\/","url":"https:\/\/mederos-netzband.com\/wp-content\/uploads\/2023\/11\/logo_netzband.png","contentUrl":"https:\/\/mederos-netzband.com\/wp-content\/uploads\/2023\/11\/logo_netzband.png","width":1777,"height":248,"caption":"NETZBAND & MEDEROS"},"image":{"@id":"https:\/\/mederos-netzband.com\/#\/schema\/logo\/image\/"}}]}},"uagb_featured_image_src":{"full":false,"thumbnail":false,"medium":false,"medium_large":false,"large":false,"1536x1536":false,"2048x2048":false,"trp-custom-language-flag":false},"uagb_author_info":{"display_name":"admin","author_link":"https:\/\/mederos-netzband.com\/de\/author\/admin\/"},"uagb_comment_info":0,"uagb_excerpt":"Abogada ELSA MEDEROS FERNANDES Abogada colegiada en el Ilustre Colegio de Abogados de Las Palmas de Gran Canaria, colegiada n\u00famero 2.776. Facultada para actuar en todos los Juzgados e Instancias del territorio de Espa\u00f1a. 2.000 funda&nbsp;despacho internacional hispano- alem\u00e1n NETZBAND&nbsp;&amp; MEDEROS, Las Palmas de Gran Canaria, 2004 Despacho Playa del Ingl\u00e9s. Estudios Universitarios: 1988&nbsp;hasta 1994&hellip;","_links":{"self":[{"href":"https:\/\/mederos-netzband.com\/de\/wp-json\/wp\/v2\/pages\/236","targetHints":{"allow":["GET"]}}],"collection":[{"href":"https:\/\/mederos-netzband.com\/de\/wp-json\/wp\/v2\/pages"}],"about":[{"href":"https:\/\/mederos-netzband.com\/de\/wp-json\/wp\/v2\/types\/page"}],"author":[{"embeddable":true,"href":"https:\/\/mederos-netzband.com\/de\/wp-json\/wp\/v2\/users\/1"}],"replies":[{"embeddable":true,"href":"https:\/\/mederos-netzband.com\/de\/wp-json\/wp\/v2\/comments?post=236"}],"version-history":[{"count":10,"href":"https:\/\/mederos-netzband.com\/de\/wp-json\/wp\/v2\/pages\/236\/revisions"}],"predecessor-version":[{"id":822,"href":"https:\/\/mederos-netzband.com\/de\/wp-json\/wp\/v2\/pages\/236\/revisions\/822"}],"up":[{"embeddable":true,"href":"https:\/\/mederos-netzband.com\/de\/wp-json\/wp\/v2\/pages\/127"}],"wp:attachment":[{"href":"https:\/\/mederos-netzband.com\/de\/wp-json\/wp\/v2\/media?parent=236"}],"curies":[{"name":"wp","href":"https:\/\/api.w.org\/{rel}","templated":true}]}}