{"id":127,"date":"2023-10-04T09:19:12","date_gmt":"2023-10-04T09:19:12","guid":{"rendered":"https:\/\/demo.bosathemes.com\/fse\/agence\/?page_id=24"},"modified":"2024-02-05T10:08:47","modified_gmt":"2024-02-05T10:08:47","slug":"socios","status":"publish","type":"page","link":"https:\/\/mederos-netzband.com\/de\/socios\/","title":{"rendered":"PARTNER"},"content":{"rendered":"<div class=\"wp-block-uagb-container uagb-block-f20a9309 alignfull uagb-is-root-container\"><div class=\"uagb-container-inner-blocks-wrap\">\n<div class=\"wp-block-uagb-container uagb-block-f06a6073 alignfull uagb-is-root-container\"><div class=\"uagb-container-inner-blocks-wrap\">\n<div class=\"wp-block-uagb-container uagb-block-2bc4e0cb\">\n<div data-aos= \"fade-left\" data-aos-duration=\"400\" data-aos-delay=\"0\" data-aos-easing=\"ease\" data-aos-once=\"true\" class=\"wp-block-uagb-advanced-heading uagb-block-db38270b\"><h3 class=\"uagb-heading-text translation-block\">Gr\u00fcndungspartner<\/h3><\/div>\n<\/div>\n\n\n\n<div class=\"wp-block-uagb-container uagb-block-5e14bf57 default uagb-is-root-container\">\n<div class=\"wp-block-uagb-container uagb-block-2bd8ae98\">\n<figure data-wp-context=\"{&quot;imageId&quot;:&quot;69e2c0e2e20bc&quot;}\" data-wp-interactive=\"core\/image\" class=\"wp-block-image size-full is-resized has-custom-border wp-lightbox-container\"><img loading=\"lazy\" decoding=\"async\" width=\"800\" height=\"800\" data-wp-class--hide=\"state.isContentHidden\" data-wp-class--show=\"state.isContentVisible\" data-wp-init=\"callbacks.setButtonStyles\" data-wp-on-async--click=\"actions.showLightbox\" data-wp-on-async--load=\"callbacks.setButtonStyles\" data-wp-on-async-window--resize=\"callbacks.setButtonStyles\" src=\"https:\/\/mederos-netzband.com\/wp-content\/uploads\/2024\/02\/wolfran.jpeg\" alt=\"\" class=\"wp-image-754\" style=\"border-top-left-radius:30px;border-top-right-radius:30px;width:375px;height:auto\" srcset=\"https:\/\/mederos-netzband.com\/wp-content\/uploads\/2024\/02\/wolfran.jpeg 800w, https:\/\/mederos-netzband.com\/wp-content\/uploads\/2024\/02\/wolfran-300x300.jpeg 300w, https:\/\/mederos-netzband.com\/wp-content\/uploads\/2024\/02\/wolfran-150x150.jpeg 150w, https:\/\/mederos-netzband.com\/wp-content\/uploads\/2024\/02\/wolfran-768x768.jpeg 768w, https:\/\/mederos-netzband.com\/wp-content\/uploads\/2024\/02\/wolfran-12x12.jpeg 12w\" sizes=\"auto, (max-width: 800px) 100vw, 800px\" \/><button\n\t\t\tclass=\"lightbox-trigger\"\n\t\t\ttype=\"button\"\n\t\t\taria-haspopup=\"dialog\"\n\t\t\taria-label=\"Vergr\u00f6\u00dfern\"\n\t\t\tdata-wp-init=\"callbacks.initTriggerButton\"\n\t\t\tdata-wp-on-async--click=\"actions.showLightbox\"\n\t\t\tdata-wp-style--right=\"state.imageButtonRight\"\n\t\t\tdata-wp-style--top=\"state.imageButtonTop\"\n\t\t>\n\t\t\t<svg xmlns=\"http:\/\/www.w3.org\/2000\/svg\" width=\"12\" height=\"12\" fill=\"none\" viewbox=\"0 0 12 12\">\n\t\t\t\t<path fill=\"#fff\" d=\"M2 0a2 2 0 0 0-2 2v2h1.5V2a.5.5 0 0 1 .5-.5h2V0H2Zm2 10.5H2a.5.5 0 0 1-.5-.5V8H0v2a2 2 0 0 0 2 2h2v-1.5ZM8 12v-1.5h2a.5.5 0 0 0 .5-.5V8H12v2a2 2 0 0 1-2 2H8Zm2-12a2 2 0 0 1 2 2v2h-1.5V2a.5.5 0 0 0-.5-.5H8V0h2Z\" \/>\n\t\t\t<\/svg>\n\t\t<\/button><\/figure>\n\n\n\n<div class=\"wp-block-uagb-container uagb-block-a151f366 alignwide uagb-is-root-container\">\n<div class=\"wp-block-uagb-container uagb-block-d9fbc375\">\n<div class=\"wp-block-uagb-advanced-heading uagb-block-a143a2fb\"><h5 class=\"uagb-heading-text\"><strong>WOLFRAM&nbsp;&nbsp;NETZBAND<\/strong><\/h5><p class=\"uagb-desc-text\">GR\u00dcNDUNGSPARTNER<\/p><\/div>\n\n\n\n<p class=\"has-text-align-center has-accent-text-color has-text-color has-link-color has-x-small-font-size wp-elements-cf8723e6215b184773a4acfe18828a49\">Rechtsanwalt<\/p>\n<\/div>\n<\/div>\n\n\n\n<div class=\"wp-block-uagb-buttons uagb-buttons__outer-wrap uagb-btn__default-btn uagb-btn-tablet__default-btn uagb-btn-mobile__default-btn uagb-block-08fbb3fe\"><div class=\"uagb-buttons__wrap uagb-buttons-layout-wrap\">\n<div class=\"wp-block-uagb-buttons-child uagb-buttons__outer-wrap uagb-block-4afa62c3 wp-block-button\"><div class=\"uagb-button__wrapper\"><a class=\"uagb-buttons-repeater wp-block-button__link\" href=\"https:\/\/mederos-netzband.com\/de\/wolfram-armin-netzband\/\" onclick=\"return true;\" rel=\"follow noopener\" target=\"_self\"><div class=\"uagb-button__link\">Mehr lesen<\/div><\/a><\/div><\/div>\n<\/div><\/div>\n<\/div>\n\n\n\n<div class=\"wp-block-uagb-container uagb-block-6aef9e57\">\n<figure data-wp-context=\"{&quot;imageId&quot;:&quot;69e2c0e2e30cf&quot;}\" data-wp-interactive=\"core\/image\" class=\"wp-block-image size-full has-custom-border wp-lightbox-container\"><img loading=\"lazy\" decoding=\"async\" width=\"768\" height=\"1024\" data-wp-class--hide=\"state.isContentHidden\" data-wp-class--show=\"state.isContentVisible\" data-wp-init=\"callbacks.setButtonStyles\" data-wp-on-async--click=\"actions.showLightbox\" data-wp-on-async--load=\"callbacks.setButtonStyles\" data-wp-on-async-window--resize=\"callbacks.setButtonStyles\" src=\"https:\/\/mederos-netzband.com\/wp-content\/uploads\/2024\/01\/Imagen-de-WhatsApp-2024-01-11-a-las-10.10.30_0600dd0d.jpg\" alt=\"\" class=\"wp-image-751\" style=\"border-top-left-radius:30px;border-top-right-radius:30px;aspect-ratio:1;object-fit:cover\" srcset=\"https:\/\/mederos-netzband.com\/wp-content\/uploads\/2024\/01\/Imagen-de-WhatsApp-2024-01-11-a-las-10.10.30_0600dd0d.jpg 768w, https:\/\/mederos-netzband.com\/wp-content\/uploads\/2024\/01\/Imagen-de-WhatsApp-2024-01-11-a-las-10.10.30_0600dd0d-225x300.jpg 225w, https:\/\/mederos-netzband.com\/wp-content\/uploads\/2024\/01\/Imagen-de-WhatsApp-2024-01-11-a-las-10.10.30_0600dd0d-9x12.jpg 9w\" sizes=\"auto, (max-width: 768px) 100vw, 768px\" \/><button\n\t\t\tclass=\"lightbox-trigger\"\n\t\t\ttype=\"button\"\n\t\t\taria-haspopup=\"dialog\"\n\t\t\taria-label=\"Vergr\u00f6\u00dfern\"\n\t\t\tdata-wp-init=\"callbacks.initTriggerButton\"\n\t\t\tdata-wp-on-async--click=\"actions.showLightbox\"\n\t\t\tdata-wp-style--right=\"state.imageButtonRight\"\n\t\t\tdata-wp-style--top=\"state.imageButtonTop\"\n\t\t>\n\t\t\t<svg xmlns=\"http:\/\/www.w3.org\/2000\/svg\" width=\"12\" height=\"12\" fill=\"none\" viewbox=\"0 0 12 12\">\n\t\t\t\t<path fill=\"#fff\" d=\"M2 0a2 2 0 0 0-2 2v2h1.5V2a.5.5 0 0 1 .5-.5h2V0H2Zm2 10.5H2a.5.5 0 0 1-.5-.5V8H0v2a2 2 0 0 0 2 2h2v-1.5ZM8 12v-1.5h2a.5.5 0 0 0 .5-.5V8H12v2a2 2 0 0 1-2 2H8Zm2-12a2 2 0 0 1 2 2v2h-1.5V2a.5.5 0 0 0-.5-.5H8V0h2Z\" \/>\n\t\t\t<\/svg>\n\t\t<\/button><\/figure>\n\n\n\n<div class=\"wp-block-uagb-container uagb-block-5e9e9636 alignwide uagb-is-root-container\">\n<div class=\"wp-block-uagb-container uagb-block-263773c7\">\n<div class=\"wp-block-uagb-advanced-heading uagb-block-25da8fd4\"><h6 class=\"uagb-heading-text\"><strong>ELSA MEDEROS FERNANDES<\/strong><\/h6><p class=\"uagb-desc-text\">GR\u00dcNDUNGSPARTNER<\/p><\/div>\n\n\n\n<p class=\"has-text-align-center has-accent-text-color has-text-color has-link-color has-x-small-font-size wp-elements-47c4db1ea090ce54ab74ecafa93fcc22\">Rechtsanwalt<\/p>\n<\/div>\n<\/div>\n\n\n\n<div class=\"wp-block-uagb-buttons uagb-buttons__outer-wrap uagb-btn__default-btn uagb-btn-tablet__default-btn uagb-btn-mobile__default-btn uagb-block-3fb77446\"><div class=\"uagb-buttons__wrap uagb-buttons-layout-wrap\">\n<div class=\"wp-block-uagb-buttons-child uagb-buttons__outer-wrap uagb-block-05db3766 wp-block-button\"><div class=\"uagb-button__wrapper\"><a class=\"uagb-buttons-repeater wp-block-button__link\" href=\"https:\/\/mederos-netzband.com\/de\/elsa-mederos-fernandes\/\" onclick=\"return true;\" rel=\"follow noopener\" target=\"_self\"><div class=\"uagb-button__link\">Mehr lesen<\/div><\/a><\/div><\/div>\n<\/div><\/div>\n<\/div>\n<\/div>\n<\/div><\/div>\n\n\n\n<div class=\"wp-block-uagb-container uagb-block-a95f2c06\">\n<p class=\"has-secondary-color has-text-color has-link-color wp-elements-8f0f2abf494a063a77a3ca2039182e00\" style=\"margin-top:0;margin-right:0;margin-bottom:0;margin-left:0;padding-top:0;padding-right:0;padding-bottom:0;padding-left:0\">Wir sind Rechtsanw\u00e4lte mit \u00fcber 25 Jahren Berufserfahrung. Als Zivilrechtler k\u00f6nnen wir auf eine lange Erfolgsgeschichte zur\u00fcckblicken und haben bereits \u00fcber 2.000 F\u00e4lle erfolgreich verteidigt und beigelegt \u2013 ein Beweis f\u00fcr unsere herausragende juristische Kompetenz.<\/p>\n\n\n\n<p class=\"has-secondary-color has-text-color has-link-color wp-elements-b0dde674d4bb2397fab314888fee46cd\" style=\"margin-top:0;margin-right:0;margin-bottom:0;margin-left:0;padding-top:0;padding-right:0;padding-bottom:0;padding-left:0\">Wir bieten Ihnen unsere Expertise und langj\u00e4hrige Erfahrung im spanischen und deutschen Recht sowie in der Bearbeitung von Angelegenheiten, die beide Rechtssysteme betreffen. Dies macht uns zu einem f\u00fchrenden Anbieter in der Region, sowohl hinsichtlich unserer langj\u00e4hrigen Erfahrung als auch der von uns abgedeckten Rechtsgebiete.<\/p>\n\n\n\n<p class=\"has-secondary-color has-text-color has-link-color wp-elements-5d2a1447b43cc4b6df941def4a71a53e\" style=\"margin-top:0;margin-right:0;margin-bottom:0;margin-left:0;padding-top:0;padding-right:0;padding-bottom:0;padding-left:0\">Unsere Kanzlei strebt nach qualitativ hochwertiger Arbeit, die auf beruflicher Ethik, Vertraulichkeit, gr\u00fcndlicher Pr\u00fcfung des Sachverhalts, Innovation und einer proaktiven Haltung basiert, die Probleme antizipiert und unseren Mandanten einen Vorteil gegen\u00fcber der Gegenseite verschafft.<\/p>\n\n\n\n<p class=\"has-secondary-color has-text-color has-link-color wp-elements-cebd172b39cf4cb8025e4c2648dcc294\" style=\"margin-top:0;margin-right:0;margin-bottom:0;margin-left:0;padding-top:0;padding-right:0;padding-bottom:0;padding-left:0\">Diese Prinzipien pr\u00e4gen eine Arbeitsweise, die Ihren Bed\u00fcrfnissen gerecht wird. Deshalb laden wir Sie ein, sich zu beteiligen und von dieser Entwicklung und Erfahrung zu profitieren.<\/p>\n<\/div>\n<\/div><\/div>","protected":false},"excerpt":{"rendered":"<p>Socios fundadores WOLFRAM&nbsp;&nbsp;NETZBAND SOCIO FUNDADOR Abogado ELSA MEDEROS FERNANDES SOCIA FUNDADORA Abogada Somos abogados con m\u00e1s de 25 a\u00f1os de experiencia en el sector jur\u00eddico. Contamos con una larga trayectoria, como abogados civilistas al servicio de nuestros clientes, en la que hemos defendido y resuelto m\u00e1s de 2.000 asuntos satisfactoriamente, que avalan nuestra excelencia en [&hellip;]<\/p>","protected":false},"author":1,"featured_media":0,"parent":0,"menu_order":0,"comment_status":"closed","ping_status":"closed","template":"full-width","meta":{"_uag_custom_page_level_css":"","footnotes":""},"class_list":["post-127","page","type-page","status-publish","hentry"],"yoast_head":"<!-- This site is optimized with the Yoast SEO plugin v26.4 - https:\/\/yoast.com\/wordpress\/plugins\/seo\/ -->\n<title>SOCIOS - NETZBAND &amp; MEDEROS<\/title>\n<meta name=\"robots\" content=\"index, follow, max-snippet:-1, max-image-preview:large, max-video-preview:-1\" \/>\n<link rel=\"canonical\" href=\"https:\/\/mederos-netzband.com\/de\/socios\/\" \/>\n<meta property=\"og:locale\" content=\"de_DE\" \/>\n<meta property=\"og:type\" content=\"article\" \/>\n<meta property=\"og:title\" content=\"SOCIOS - NETZBAND &amp; MEDEROS\" \/>\n<meta property=\"og:description\" content=\"Socios fundadores WOLFRAM&nbsp;&nbsp;NETZBAND SOCIO FUNDADOR Abogado ELSA MEDEROS FERNANDES SOCIA FUNDADORA Abogada Somos abogados con m\u00e1s de 25 a\u00f1os de experiencia en el sector jur\u00eddico. Contamos con una larga trayectoria, como abogados civilistas al servicio de nuestros clientes, en la que hemos defendido y resuelto m\u00e1s de 2.000 asuntos satisfactoriamente, que avalan nuestra excelencia en [&hellip;]\" \/>\n<meta property=\"og:url\" content=\"https:\/\/mederos-netzband.com\/de\/socios\/\" \/>\n<meta property=\"og:site_name\" content=\"NETZBAND &amp; MEDEROS\" \/>\n<meta property=\"article:modified_time\" content=\"2024-02-05T10:08:47+00:00\" \/>\n<meta property=\"og:image\" content=\"https:\/\/mederos-netzband.com\/wp-content\/uploads\/2024\/02\/wolfran.jpeg\" \/>\n<meta name=\"twitter:card\" content=\"summary_large_image\" \/>\n<meta name=\"twitter:label1\" content=\"Gesch\u00e4tzte Lesezeit\" \/>\n\t<meta name=\"twitter:data1\" content=\"2\u00a0Minuten\" \/>\n<script type=\"application\/ld+json\" class=\"yoast-schema-graph\">{\"@context\":\"https:\/\/schema.org\",\"@graph\":[{\"@type\":\"WebPage\",\"@id\":\"https:\/\/mederos-netzband.com\/socios\/\",\"url\":\"https:\/\/mederos-netzband.com\/socios\/\",\"name\":\"SOCIOS - NETZBAND &amp; MEDEROS\",\"isPartOf\":{\"@id\":\"https:\/\/mederos-netzband.com\/#website\"},\"primaryImageOfPage\":{\"@id\":\"https:\/\/mederos-netzband.com\/socios\/#primaryimage\"},\"image\":{\"@id\":\"https:\/\/mederos-netzband.com\/socios\/#primaryimage\"},\"thumbnailUrl\":\"https:\/\/mederos-netzband.com\/wp-content\/uploads\/2024\/02\/wolfran.jpeg\",\"datePublished\":\"2023-10-04T09:19:12+00:00\",\"dateModified\":\"2024-02-05T10:08:47+00:00\",\"breadcrumb\":{\"@id\":\"https:\/\/mederos-netzband.com\/socios\/#breadcrumb\"},\"inLanguage\":\"de\",\"potentialAction\":[{\"@type\":\"ReadAction\",\"target\":[\"https:\/\/mederos-netzband.com\/socios\/\"]}]},{\"@type\":\"ImageObject\",\"inLanguage\":\"de\",\"@id\":\"https:\/\/mederos-netzband.com\/socios\/#primaryimage\",\"url\":\"https:\/\/mederos-netzband.com\/wp-content\/uploads\/2024\/02\/wolfran.jpeg\",\"contentUrl\":\"https:\/\/mederos-netzband.com\/wp-content\/uploads\/2024\/02\/wolfran.jpeg\"},{\"@type\":\"BreadcrumbList\",\"@id\":\"https:\/\/mederos-netzband.com\/socios\/#breadcrumb\",\"itemListElement\":[{\"@type\":\"ListItem\",\"position\":1,\"name\":\"inicio\",\"item\":\"https:\/\/mederos-netzband.com\/\"},{\"@type\":\"ListItem\",\"position\":2,\"name\":\"SOCIOS\"}]},{\"@type\":\"WebSite\",\"@id\":\"https:\/\/mederos-netzband.com\/#website\",\"url\":\"https:\/\/mederos-netzband.com\/\",\"name\":\"NETZBAND & MEDEROS\",\"description\":\"Despacho de abogados internacional\",\"publisher\":{\"@id\":\"https:\/\/mederos-netzband.com\/#organization\"},\"alternateName\":\"MEDEROS & NETZBAND\",\"potentialAction\":[{\"@type\":\"SearchAction\",\"target\":{\"@type\":\"EntryPoint\",\"urlTemplate\":\"https:\/\/mederos-netzband.com\/?s={search_term_string}\"},\"query-input\":{\"@type\":\"PropertyValueSpecification\",\"valueRequired\":true,\"valueName\":\"search_term_string\"}}],\"inLanguage\":\"de\"},{\"@type\":\"Organization\",\"@id\":\"https:\/\/mederos-netzband.com\/#organization\",\"name\":\"NETZBAND & MEDEROS\",\"alternateName\":\"MEDEROS & NETZBAND\",\"url\":\"https:\/\/mederos-netzband.com\/\",\"logo\":{\"@type\":\"ImageObject\",\"inLanguage\":\"de\",\"@id\":\"https:\/\/mederos-netzband.com\/#\/schema\/logo\/image\/\",\"url\":\"https:\/\/mederos-netzband.com\/wp-content\/uploads\/2023\/11\/logo_netzband.png\",\"contentUrl\":\"https:\/\/mederos-netzband.com\/wp-content\/uploads\/2023\/11\/logo_netzband.png\",\"width\":1777,\"height\":248,\"caption\":\"NETZBAND & MEDEROS\"},\"image\":{\"@id\":\"https:\/\/mederos-netzband.com\/#\/schema\/logo\/image\/\"}}]}<\/script>\n<!-- \/ Yoast SEO plugin. -->","yoast_head_json":{"title":"SOCIOS - NETZBAND &amp; MEDEROS","robots":{"index":"index","follow":"follow","max-snippet":"max-snippet:-1","max-image-preview":"max-image-preview:large","max-video-preview":"max-video-preview:-1"},"canonical":"https:\/\/mederos-netzband.com\/de\/socios\/","og_locale":"de_DE","og_type":"article","og_title":"SOCIOS - NETZBAND &amp; MEDEROS","og_description":"Socios fundadores WOLFRAM&nbsp;&nbsp;NETZBAND SOCIO FUNDADOR Abogado ELSA MEDEROS FERNANDES SOCIA FUNDADORA Abogada Somos abogados con m\u00e1s de 25 a\u00f1os de experiencia en el sector jur\u00eddico. Contamos con una larga trayectoria, como abogados civilistas al servicio de nuestros clientes, en la que hemos defendido y resuelto m\u00e1s de 2.000 asuntos satisfactoriamente, que avalan nuestra excelencia en [&hellip;]","og_url":"https:\/\/mederos-netzband.com\/de\/socios\/","og_site_name":"NETZBAND &amp; MEDEROS","article_modified_time":"2024-02-05T10:08:47+00:00","og_image":[{"url":"https:\/\/mederos-netzband.com\/wp-content\/uploads\/2024\/02\/wolfran.jpeg","type":"","width":"","height":""}],"twitter_card":"summary_large_image","twitter_misc":{"Gesch\u00e4tzte Lesezeit":"2\u00a0Minuten"},"schema":{"@context":"https:\/\/schema.org","@graph":[{"@type":"WebPage","@id":"https:\/\/mederos-netzband.com\/socios\/","url":"https:\/\/mederos-netzband.com\/socios\/","name":"SOCIOS - NETZBAND &amp; MEDEROS","isPartOf":{"@id":"https:\/\/mederos-netzband.com\/#website"},"primaryImageOfPage":{"@id":"https:\/\/mederos-netzband.com\/socios\/#primaryimage"},"image":{"@id":"https:\/\/mederos-netzband.com\/socios\/#primaryimage"},"thumbnailUrl":"https:\/\/mederos-netzband.com\/wp-content\/uploads\/2024\/02\/wolfran.jpeg","datePublished":"2023-10-04T09:19:12+00:00","dateModified":"2024-02-05T10:08:47+00:00","breadcrumb":{"@id":"https:\/\/mederos-netzband.com\/socios\/#breadcrumb"},"inLanguage":"de","potentialAction":[{"@type":"ReadAction","target":["https:\/\/mederos-netzband.com\/socios\/"]}]},{"@type":"ImageObject","inLanguage":"de","@id":"https:\/\/mederos-netzband.com\/socios\/#primaryimage","url":"https:\/\/mederos-netzband.com\/wp-content\/uploads\/2024\/02\/wolfran.jpeg","contentUrl":"https:\/\/mederos-netzband.com\/wp-content\/uploads\/2024\/02\/wolfran.jpeg"},{"@type":"BreadcrumbList","@id":"https:\/\/mederos-netzband.com\/socios\/#breadcrumb","itemListElement":[{"@type":"ListItem","position":1,"name":"inicio","item":"https:\/\/mederos-netzband.com\/"},{"@type":"ListItem","position":2,"name":"SOCIOS"}]},{"@type":"WebSite","@id":"https:\/\/mederos-netzband.com\/#website","url":"https:\/\/mederos-netzband.com\/","name":"NETZBAND & MEDEROS","description":"Despacho de abogados internacional","publisher":{"@id":"https:\/\/mederos-netzband.com\/#organization"},"alternateName":"MEDEROS & NETZBAND","potentialAction":[{"@type":"SearchAction","target":{"@type":"EntryPoint","urlTemplate":"https:\/\/mederos-netzband.com\/?s={search_term_string}"},"query-input":{"@type":"PropertyValueSpecification","valueRequired":true,"valueName":"search_term_string"}}],"inLanguage":"de"},{"@type":"Organization","@id":"https:\/\/mederos-netzband.com\/#organization","name":"NETZBAND & MEDEROS","alternateName":"MEDEROS & NETZBAND","url":"https:\/\/mederos-netzband.com\/","logo":{"@type":"ImageObject","inLanguage":"de","@id":"https:\/\/mederos-netzband.com\/#\/schema\/logo\/image\/","url":"https:\/\/mederos-netzband.com\/wp-content\/uploads\/2023\/11\/logo_netzband.png","contentUrl":"https:\/\/mederos-netzband.com\/wp-content\/uploads\/2023\/11\/logo_netzband.png","width":1777,"height":248,"caption":"NETZBAND & MEDEROS"},"image":{"@id":"https:\/\/mederos-netzband.com\/#\/schema\/logo\/image\/"}}]}},"uagb_featured_image_src":{"full":false,"thumbnail":false,"medium":false,"medium_large":false,"large":false,"1536x1536":false,"2048x2048":false,"trp-custom-language-flag":false},"uagb_author_info":{"display_name":"admin","author_link":"https:\/\/mederos-netzband.com\/de\/author\/admin\/"},"uagb_comment_info":0,"uagb_excerpt":"Socios fundadores WOLFRAM&nbsp;&nbsp;NETZBAND SOCIO FUNDADOR Abogado ELSA MEDEROS FERNANDES SOCIA FUNDADORA Abogada Somos abogados con m\u00e1s de 25 a\u00f1os de experiencia en el sector jur\u00eddico. Contamos con una larga trayectoria, como abogados civilistas al servicio de nuestros clientes, en la que hemos defendido y resuelto m\u00e1s de 2.000 asuntos satisfactoriamente, que avalan nuestra excelencia en&hellip;","_links":{"self":[{"href":"https:\/\/mederos-netzband.com\/de\/wp-json\/wp\/v2\/pages\/127","targetHints":{"allow":["GET"]}}],"collection":[{"href":"https:\/\/mederos-netzband.com\/de\/wp-json\/wp\/v2\/pages"}],"about":[{"href":"https:\/\/mederos-netzband.com\/de\/wp-json\/wp\/v2\/types\/page"}],"author":[{"embeddable":true,"href":"https:\/\/mederos-netzband.com\/de\/wp-json\/wp\/v2\/users\/1"}],"replies":[{"embeddable":true,"href":"https:\/\/mederos-netzband.com\/de\/wp-json\/wp\/v2\/comments?post=127"}],"version-history":[{"count":20,"href":"https:\/\/mederos-netzband.com\/de\/wp-json\/wp\/v2\/pages\/127\/revisions"}],"predecessor-version":[{"id":766,"href":"https:\/\/mederos-netzband.com\/de\/wp-json\/wp\/v2\/pages\/127\/revisions\/766"}],"wp:attachment":[{"href":"https:\/\/mederos-netzband.com\/de\/wp-json\/wp\/v2\/media?parent=127"}],"curies":[{"name":"wp","href":"https:\/\/api.w.org\/{rel}","templated":true}]}}