{"id":117,"date":"2023-10-04T09:31:20","date_gmt":"2023-10-04T09:31:20","guid":{"rendered":"https:\/\/demo.bosathemes.com\/fse\/agence\/?page_id=38"},"modified":"2024-02-19T13:02:02","modified_gmt":"2024-02-19T13:02:02","slug":"contacto","status":"publish","type":"page","link":"https:\/\/mederos-netzband.com\/de\/contacto\/","title":{"rendered":"KONTAKT"},"content":{"rendered":"<div class=\"wp-block-group has-global-padding is-layout-constrained wp-block-group-is-layout-constrained\">\n<div class=\"wp-block-uagb-container uagb-block-f20a9309 alignfull uagb-is-root-container\"><div class=\"uagb-container-inner-blocks-wrap\">\n<div class=\"wp-block-uagb-container uagb-block-ae1668a8\">\n<div class=\"wp-block-uagb-advanced-heading uagb-block-675ac6ce\"><h3 class=\"uagb-heading-text\"><mark class=\"uagb-highlight\">Kontakt<\/mark><\/h3><\/div>\n\n\n\n<p class=\"has-text-align-center has-secondary-color has-text-color has-link-color has-x-small-font-size wp-elements-bd0ec73f32c5ae08363048a5c63c0fca\" style=\"margin-top:0;margin-right:0;margin-bottom:0;margin-left:0;padding-top:var(--wp--preset--spacing--xx-small);padding-right:0;padding-bottom:var(--wp--preset--spacing--xx-small);padding-left:0\"><strong>Spanisch-Deutsches International Office<\/strong><\/p>\n\n\n\n<p class=\"has-text-align-center has-secondary-color has-text-color has-link-color has-x-small-font-size wp-elements-fa356c43f62424147cec503d96eda2b4\" style=\"margin-top:0;margin-right:0;margin-bottom:0;margin-left:0;padding-top:0;padding-right:0;padding-bottom:0;padding-left:0\"><strong>NETZBAND &amp; MEDEROS<\/strong><\/p>\n\n\n\n<p class=\"has-text-align-center has-secondary-color has-text-color has-link-color has-x-small-font-size wp-elements-fbadf492b195672683674ed4cfc14385\" style=\"margin-top:0;margin-right:0;margin-bottom:0;margin-left:0;padding-top:0;padding-right:0;padding-bottom:0;padding-left:0\">Anw\u00e4lte<\/p>\n<\/div>\n\n\n\n<div class=\"wp-block-uagb-container uag-blocks-common-selector uagb-block-d53cf06d alignfull uagb-is-root-container\">\n<div class=\"wp-block-group has-global-padding is-layout-constrained wp-container-core-group-is-layout-865beff9 wp-block-group-is-layout-constrained\" style=\"border-radius:30px;min-height:0px;margin-top:var(--wp--preset--spacing--small);margin-bottom:var(--wp--preset--spacing--small);padding-bottom:var(--wp--preset--spacing--xx-small)\">\n<p class=\"has-text-align-center has-secondary-accent-text-color has-accent-text-background-color has-text-color has-background has-link-color has-large-font-size wp-elements-140418d6784bce24f3473cc8142c29ca\" style=\"margin-right:var(--wp--preset--spacing--medium);margin-left:var(--wp--preset--spacing--medium)\"><strong>Fordern Sie eine Videokonferenzanfrage an<\/strong><\/p>\n\n\n\n\n\n<p class=\"has-text-align-center has-secondary-color has-text-color has-link-color has-large-font-size wp-elements-cd02e5c18423bdbd9d5cebec0b03c908\" style=\"margin-top:0;margin-right:0;margin-bottom:0;margin-left:0;padding-top:0;padding-right:0;padding-bottom:0;padding-left:0\"><strong>Formulario de contacto<\/strong><\/p>\n<\/div>\n\n\n\n<div class=\"wp-block-group has-accent-text-color has-text-color has-background has-link-color wp-elements-13536c2269ef8bddcb8735610c1a9bc6 has-global-padding is-content-justification-center is-layout-constrained wp-container-core-group-is-layout-f25eac4a wp-block-group-is-layout-constrained\" style=\"border-radius:0px;background-color:#00305b;min-height:0px;margin-top:var(--wp--preset--spacing--small);margin-bottom:var(--wp--preset--spacing--small);padding-bottom:var(--wp--preset--spacing--xx-small)\">\n<div class=\"wp-block-group is-content-justification-center is-nowrap is-layout-flex wp-container-core-group-is-layout-23441af8 wp-block-group-is-layout-flex\">\n<div class=\"wp-block-contact-form-7-contact-form-selector\">\n<div class=\"wpcf7 no-js\" id=\"wpcf7-f560-o1\" lang=\"es-ES\" dir=\"ltr\" data-wpcf7-id=\"560\">\n<div class=\"screen-reader-response\"><p role=\"status\" aria-live=\"polite\" aria-atomic=\"true\"><\/p> <ul><\/ul><\/div>\n<form action=\"\/de\/wp-json\/wp\/v2\/pages\/117#wpcf7-f560-o1\" method=\"post\" class=\"wpcf7-form init\" aria-label=\"Formulario de contacto\" novalidate=\"novalidate\" data-status=\"init\" data-trp-original-action=\"\/de\/wp-json\/wp\/v2\/pages\/117#wpcf7-f560-o1\">\n<fieldset class=\"hidden-fields-container\"><input type=\"hidden\" name=\"_wpcf7\" value=\"560\" \/><input type=\"hidden\" name=\"_wpcf7_version\" value=\"6.1.3\" \/><input type=\"hidden\" name=\"_wpcf7_locale\" value=\"es_ES\" \/><input type=\"hidden\" name=\"_wpcf7_unit_tag\" value=\"wpcf7-f560-o1\" \/><input type=\"hidden\" name=\"_wpcf7_container_post\" value=\"0\" \/><input type=\"hidden\" name=\"_wpcf7_posted_data_hash\" value=\"\" \/><input type=\"hidden\" name=\"_wpcf7_recaptcha_response\" value=\"\" \/>\n<\/fieldset>\n<div class=\"uacf7-form-wrapper-container uacf7-form-560\"><label class=\"custom-label\"> Ihr Name*\n    <span class=\"wpcf7-form-control-wrap\" data-name=\"your-name\"><input size=\"40\" maxlength=\"400\" class=\"wpcf7-form-control wpcf7-text wpcf7-validates-as-required\" autocomplete=\"name\" aria-required=\"true\" aria-invalid=\"false\" value=\"\" type=\"text\" name=\"your-name\" \/><\/span> <\/label>\n\n<label class=\"custom-label\"> Deine E-Mail*\n    <span class=\"wpcf7-form-control-wrap\" data-name=\"your-email\"><input size=\"40\" maxlength=\"400\" class=\"wpcf7-form-control wpcf7-email wpcf7-validates-as-required wpcf7-text wpcf7-validates-as-email\" autocomplete=\"email\" aria-required=\"true\" aria-invalid=\"false\" value=\"\" type=\"email\" name=\"your-email\" \/><\/span> <\/label>\n\n<label class=\"custom-label\"> Aff\u00e4re*\n    <span class=\"wpcf7-form-control-wrap\" data-name=\"your-subject\"><input size=\"40\" maxlength=\"400\" class=\"wpcf7-form-control wpcf7-text wpcf7-validates-as-required\" aria-required=\"true\" aria-invalid=\"false\" value=\"\" type=\"text\" name=\"your-subject\" \/><\/span> <\/label>\n\n<label class=\"custom-label\"> Telefon*\n    <span class=\"wpcf7-form-control-wrap\" data-name=\"your-phone\"><input size=\"40\" maxlength=\"400\" class=\"wpcf7-form-control wpcf7-tel wpcf7-validates-as-required wpcf7-text wpcf7-validates-as-tel\" aria-required=\"true\" aria-invalid=\"false\" value=\"\" type=\"tel\" name=\"your-phone\" \/><\/span> <\/label>\n\n<label class=\"custom-label\"> Ihre Nachricht\n    <span class=\"wpcf7-form-control-wrap\" data-name=\"your-message\"><textarea cols=\"40\" rows=\"10\" maxlength=\"2000\" class=\"wpcf7-form-control wpcf7-textarea\" aria-invalid=\"false\" name=\"your-message\"><\/textarea><\/span> <\/label>\n\n<label  <\/label>\n\n<input class=\"wpcf7-form-control wpcf7-submit has-spinner\" type=\"submit\" value=\"Schicken\" \/><\/div><div class=\"wpcf7-response-output\" aria-hidden=\"true\"><\/div>\n<input type=\"hidden\" name=\"trp-form-language\" value=\"de\"\/><\/form>\n<\/div>\n<\/div>\n\n\n<div class=\"wp-block-site-logo\"><a href=\"https:\/\/mederos-netzband.com\/de\/\" class=\"custom-logo-link\" rel=\"home\"><img loading=\"lazy\" decoding=\"async\" width=\"246\" height=\"34\" src=\"https:\/\/mederos-netzband.com\/wp-content\/uploads\/2023\/11\/logo_netzband.png\" class=\"custom-logo\" alt=\"NETZBAND &amp; MEDEROS\" srcset=\"https:\/\/mederos-netzband.com\/wp-content\/uploads\/2023\/11\/logo_netzband.png 1777w, https:\/\/mederos-netzband.com\/wp-content\/uploads\/2023\/11\/logo_netzband-300x42.png 300w, https:\/\/mederos-netzband.com\/wp-content\/uploads\/2023\/11\/logo_netzband-1024x143.png 1024w, https:\/\/mederos-netzband.com\/wp-content\/uploads\/2023\/11\/logo_netzband-768x107.png 768w, https:\/\/mederos-netzband.com\/wp-content\/uploads\/2023\/11\/logo_netzband-1536x214.png 1536w, https:\/\/mederos-netzband.com\/wp-content\/uploads\/2023\/11\/logo_netzband-600x84.png 600w\" sizes=\"auto, (max-width: 246px) 100vw, 246px\" \/><\/a><\/div><\/div>\n<\/div>\n\n\n\n<p class=\"has-text-align-center has-secondary-color has-text-color has-link-color has-x-small-font-size wp-elements-24b6ba8b31d441b69acb4a9cf4fbee6e\">\u00dcber das Kontaktformular per E-Mail und \u00fcber das Videokonferenzformular erteile ich mein Einverst\u00e4ndnis zur Verarbeitung meiner Daten. Die Daten sind zur Bearbeitung meiner Kontaktanfrage erforderlich und werden nicht an Dritte weitergegeben. Diese Einwilligung kann ich jederzeit mit Wirkung f\u00fcr die Zukunft durch Mitteilung an Netzband &amp; Mederos widerrufen.<\/p>\n<\/div>\n\n\n\n<div class=\"wp-block-uagb-container uagb-block-3dfc1b92\"><\/div>\n\n\n\n<div class=\"wp-block-uagb-container uagb-block-8f32c5e9 alignfull uagb-is-root-container\"><div class=\"uagb-container-inner-blocks-wrap\">\n<div class=\"wp-block-uagb-container uagb-block-786700b4\">\n<p class=\"has-small-font-size\"><\/p>\n\n\n\n<div class=\"wp-block-uagb-info-box uagb-block-1f68fa19 uagb-infobox__content-wrap  uagb-infobox-icon-left uagb-infobox-left uagb-infobox-stacked-mobile uagb-infobox-image-valign-top\"><div class=\"uagb-ifb-icon-wrap\"><div class=\"uagb-iconbox-icon-wrap uagb-infobox-shape-circle\"><svg xmlns=\"https:\/\/www.w3.org\/2000\/svg\" viewbox=\"0 0 384 512\"><path d=\"M168.3 499.2C116.1 435 0 279.4 0 192C0 85.96 85.96 0 192 0C298 0 384 85.96 384 192C384 279.4 267 435 215.7 499.2C203.4 514.5 180.6 514.5 168.3 499.2H168.3zM192 256C227.3 256 256 227.3 256 192C256 156.7 227.3 128 192 128C156.7 128 128 156.7 128 192C128 227.3 156.7 256 192 256z\"><\/path><\/svg><\/div><\/div><div class=\"uagb-ifb-content\"><div class=\"uagb-ifb-title-wrap\"><h6 class=\"uagb-ifb-title\">B\u00fcro adresse:<\/h6><\/div><p class=\"uagb-ifb-desc\">Avda. Moya, n\u00ba 6<br>Centro Comercial Eurocenter,<br>local 201 &#8211; 211<br>\u200b<br>E-35100 Playa del Ingles<br>Islas Canarias, Espa\u00f1a<\/p><\/div><\/div>\n\n\n\n<div class=\"wp-block-uagb-info-box uagb-block-989369dc uagb-infobox__content-wrap  uagb-infobox-icon-left uagb-infobox-left uagb-infobox-stacked-mobile uagb-infobox-image-valign-top\"><div class=\"uagb-ifb-icon-wrap\"><div class=\"uagb-iconbox-icon-wrap uagb-infobox-shape-circle\"><svg xmlns=\"https:\/\/www.w3.org\/2000\/svg\" viewbox=\"0 0 512 512\"><path d=\"M511.2 387l-23.25 100.8c-3.266 14.25-15.79 24.22-30.46 24.22C205.2 512 0 306.8 0 54.5c0-14.66 9.969-27.2 24.22-30.45l100.8-23.25C139.7-2.602 154.7 5.018 160.8 18.92l46.52 108.5c5.438 12.78 1.77 27.67-8.98 36.45L144.5 207.1c33.98 69.22 90.26 125.5 159.5 159.5l44.08-53.8c8.688-10.78 23.69-14.51 36.47-8.975l108.5 46.51C506.1 357.2 514.6 372.4 511.2 387z\"><\/path><\/svg><\/div><\/div><div class=\"uagb-ifb-content\"><div class=\"uagb-ifb-title-wrap\"><h6 class=\"uagb-ifb-title\">Telefonnummer:<\/h6><\/div><p class=\"uagb-ifb-desc\">(+34) 928768280<br>(+34) 669859007<br>(+34) 629079765<\/p><\/div><\/div>\n\n\n\n<div class=\"wp-block-uagb-info-box uagb-block-ab49ed9c uagb-infobox__content-wrap  uagb-infobox-icon-left uagb-infobox-left uagb-infobox-stacked-mobile uagb-infobox-image-valign-top\"><div class=\"uagb-ifb-icon-wrap\"><div class=\"uagb-iconbox-icon-wrap uagb-infobox-shape-circle\"><svg xmlns=\"https:\/\/www.w3.org\/2000\/svg\" viewbox=\"0 0 512 512\"><path d=\"M464 64C490.5 64 512 85.49 512 112C512 127.1 504.9 141.3 492.8 150.4L275.2 313.6C263.8 322.1 248.2 322.1 236.8 313.6L19.2 150.4C7.113 141.3 0 127.1 0 112C0 85.49 21.49 64 48 64H464zM217.6 339.2C240.4 356.3 271.6 356.3 294.4 339.2L512 176V384C512 419.3 483.3 448 448 448H64C28.65 448 0 419.3 0 384V176L217.6 339.2z\"><\/path><\/svg><\/div><\/div><div class=\"uagb-ifb-content\"><div class=\"uagb-ifb-title-wrap\"><h6 class=\"uagb-ifb-title\">E-Mail:<\/h6><\/div><p class=\"uagb-ifb-desc\">info@mederos-netzband.com<br>info@netzband-mederos.com<\/p><\/div><\/div>\n<\/div>\n\n\n\n<div class=\"wp-block-uagb-container uagb-block-df38fd15\">\n<div class=\"wp-block-uagb-image uagb-block-bb583529 wp-block-uagb-image--layout-default wp-block-uagb-image--effect-static wp-block-uagb-image--align-none uag-blocks-common-selector\" style=\"--z-index-desktop:999;;--z-index-tablet:undefined;;--z-index-mobile:undefined;\"><figure class=\"wp-block-uagb-image__figure\"><img decoding=\"async\" srcset=\"https:\/\/mederos-netzband.com\/wp-content\/uploads\/2023\/10\/contact-img4.png ,https:\/\/mederos-netzband.com\/wp-content\/uploads\/2023\/10\/contact-img4.png 780w, https:\/\/mederos-netzband.com\/wp-content\/uploads\/2023\/10\/contact-img4.png 360w\" sizes=\"auto, (max-width: 480px) 150px\" src=\"https:\/\/mederos-netzband.com\/wp-content\/uploads\/2023\/10\/contact-img4.png\" alt=\"\" class=\"uag-image-637\" width=\"280\" height=\"425\" title=\"\" loading=\"lazy\"\/><\/figure><\/div>\n<\/div>\n<\/div><\/div>\n<\/div><\/div>\n\n\n\n<div class=\"wp-block-group has-global-padding is-layout-constrained wp-container-core-group-is-layout-19ff1b6b wp-block-group-is-layout-constrained\" style=\"border-radius:30px;margin-top:0;margin-bottom:0;padding-bottom:var(--wp--preset--spacing--xx-large)\">\t\t\t<div \n\t\t\tclass=\"wp-block-uagb-google-map uagb-google-map__wrap uagb-block-3bf855d8\"\n\t\t\tstyle=\"\" >\n\t\t\t\t<embed\n\t\t\t\t\tclass=\"uagb-google-map__iframe\"\n\t\t\t\t\ttitle=\"Google Map for \"\n\t\t\t\t\tsrc=\"https:\/\/maps.google.com\/maps?q=27.764979801454942%2C%20-15.571156741641628&#038;z=16&#038;hl=es&#038;t=m&#038;output=embed&#038;iwloc=near\"\n\t\t\t\t\twidth=\"640\"\n\t\t\t\t\theight=\"300\"\n\t\t\t\t\tloading=\"lazy\"\n\t\t\t\t><\/embed>\n\t\t\t<\/div>\n\t\t\t<\/div>\n<\/div>","protected":false},"excerpt":{"rendered":"<p>Contacto Despacho Internacional Hispano Alem\u00e1n NETZBAND &amp; MEDEROS Abogados Solicita una petici\u00f3n de videoconferencia Formulario de contacto Por el formulario de contacto v\u00eda email y por el formulario de videoconferencia doy mi consentimiento para el tratamiento de mis datos. Los datos son necesarios para procesar mi solicitud de contacto y no se transmitir\u00e1n a terceros. [&hellip;]<\/p>","protected":false},"author":1,"featured_media":0,"parent":0,"menu_order":0,"comment_status":"closed","ping_status":"closed","template":"full-width","meta":{"_uag_custom_page_level_css":"","footnotes":""},"class_list":["post-117","page","type-page","status-publish","hentry"],"yoast_head":"<!-- This site is optimized with the Yoast SEO plugin v26.4 - https:\/\/yoast.com\/wordpress\/plugins\/seo\/ -->\n<title>CONTACTO - NETZBAND &amp; MEDEROS<\/title>\n<meta name=\"robots\" content=\"index, follow, max-snippet:-1, max-image-preview:large, max-video-preview:-1\" \/>\n<link rel=\"canonical\" href=\"https:\/\/mederos-netzband.com\/de\/contacto\/\" \/>\n<meta property=\"og:locale\" content=\"de_DE\" \/>\n<meta property=\"og:type\" content=\"article\" \/>\n<meta property=\"og:title\" content=\"CONTACTO - NETZBAND &amp; MEDEROS\" \/>\n<meta property=\"og:description\" content=\"Contacto Despacho Internacional Hispano Alem\u00e1n NETZBAND &amp; MEDEROS Abogados Solicita una petici\u00f3n de videoconferencia Formulario de contacto Por el formulario de contacto v\u00eda email y por el formulario de videoconferencia doy mi consentimiento para el tratamiento de mis datos. Los datos son necesarios para procesar mi solicitud de contacto y no se transmitir\u00e1n a terceros. [&hellip;]\" \/>\n<meta property=\"og:url\" content=\"https:\/\/mederos-netzband.com\/de\/contacto\/\" \/>\n<meta property=\"og:site_name\" content=\"NETZBAND &amp; MEDEROS\" \/>\n<meta property=\"article:modified_time\" content=\"2024-02-19T13:02:02+00:00\" \/>\n<meta property=\"og:image\" content=\"https:\/\/mederos-netzband.com\/wp-content\/uploads\/2023\/10\/contact-img4.png\" \/>\n<meta name=\"twitter:card\" content=\"summary_large_image\" \/>\n<meta name=\"twitter:label1\" content=\"Gesch\u00e4tzte Lesezeit\" \/>\n\t<meta name=\"twitter:data1\" content=\"1\u00a0Minute\" \/>\n<script type=\"application\/ld+json\" class=\"yoast-schema-graph\">{\"@context\":\"https:\/\/schema.org\",\"@graph\":[{\"@type\":\"WebPage\",\"@id\":\"https:\/\/mederos-netzband.com\/contacto\/\",\"url\":\"https:\/\/mederos-netzband.com\/contacto\/\",\"name\":\"CONTACTO - NETZBAND &amp; MEDEROS\",\"isPartOf\":{\"@id\":\"https:\/\/mederos-netzband.com\/#website\"},\"primaryImageOfPage\":{\"@id\":\"https:\/\/mederos-netzband.com\/contacto\/#primaryimage\"},\"image\":{\"@id\":\"https:\/\/mederos-netzband.com\/contacto\/#primaryimage\"},\"thumbnailUrl\":\"https:\/\/mederos-netzband.com\/wp-content\/uploads\/2023\/10\/contact-img4.png\",\"datePublished\":\"2023-10-04T09:31:20+00:00\",\"dateModified\":\"2024-02-19T13:02:02+00:00\",\"breadcrumb\":{\"@id\":\"https:\/\/mederos-netzband.com\/contacto\/#breadcrumb\"},\"inLanguage\":\"de\",\"potentialAction\":[{\"@type\":\"ReadAction\",\"target\":[\"https:\/\/mederos-netzband.com\/contacto\/\"]}]},{\"@type\":\"ImageObject\",\"inLanguage\":\"de\",\"@id\":\"https:\/\/mederos-netzband.com\/contacto\/#primaryimage\",\"url\":\"https:\/\/mederos-netzband.com\/wp-content\/uploads\/2023\/10\/contact-img4.png\",\"contentUrl\":\"https:\/\/mederos-netzband.com\/wp-content\/uploads\/2023\/10\/contact-img4.png\"},{\"@type\":\"BreadcrumbList\",\"@id\":\"https:\/\/mederos-netzband.com\/contacto\/#breadcrumb\",\"itemListElement\":[{\"@type\":\"ListItem\",\"position\":1,\"name\":\"inicio\",\"item\":\"https:\/\/mederos-netzband.com\/\"},{\"@type\":\"ListItem\",\"position\":2,\"name\":\"CONTACTO\"}]},{\"@type\":\"WebSite\",\"@id\":\"https:\/\/mederos-netzband.com\/#website\",\"url\":\"https:\/\/mederos-netzband.com\/\",\"name\":\"NETZBAND & MEDEROS\",\"description\":\"Despacho de abogados internacional\",\"publisher\":{\"@id\":\"https:\/\/mederos-netzband.com\/#organization\"},\"alternateName\":\"MEDEROS & NETZBAND\",\"potentialAction\":[{\"@type\":\"SearchAction\",\"target\":{\"@type\":\"EntryPoint\",\"urlTemplate\":\"https:\/\/mederos-netzband.com\/?s={search_term_string}\"},\"query-input\":{\"@type\":\"PropertyValueSpecification\",\"valueRequired\":true,\"valueName\":\"search_term_string\"}}],\"inLanguage\":\"de\"},{\"@type\":\"Organization\",\"@id\":\"https:\/\/mederos-netzband.com\/#organization\",\"name\":\"NETZBAND & MEDEROS\",\"alternateName\":\"MEDEROS & NETZBAND\",\"url\":\"https:\/\/mederos-netzband.com\/\",\"logo\":{\"@type\":\"ImageObject\",\"inLanguage\":\"de\",\"@id\":\"https:\/\/mederos-netzband.com\/#\/schema\/logo\/image\/\",\"url\":\"https:\/\/mederos-netzband.com\/wp-content\/uploads\/2023\/11\/logo_netzband.png\",\"contentUrl\":\"https:\/\/mederos-netzband.com\/wp-content\/uploads\/2023\/11\/logo_netzband.png\",\"width\":1777,\"height\":248,\"caption\":\"NETZBAND & MEDEROS\"},\"image\":{\"@id\":\"https:\/\/mederos-netzband.com\/#\/schema\/logo\/image\/\"}}]}<\/script>\n<!-- \/ Yoast SEO plugin. -->","yoast_head_json":{"title":"CONTACTO - NETZBAND &amp; MEDEROS","robots":{"index":"index","follow":"follow","max-snippet":"max-snippet:-1","max-image-preview":"max-image-preview:large","max-video-preview":"max-video-preview:-1"},"canonical":"https:\/\/mederos-netzband.com\/de\/contacto\/","og_locale":"de_DE","og_type":"article","og_title":"CONTACTO - NETZBAND &amp; MEDEROS","og_description":"Contacto Despacho Internacional Hispano Alem\u00e1n NETZBAND &amp; MEDEROS Abogados Solicita una petici\u00f3n de videoconferencia Formulario de contacto Por el formulario de contacto v\u00eda email y por el formulario de videoconferencia doy mi consentimiento para el tratamiento de mis datos. Los datos son necesarios para procesar mi solicitud de contacto y no se transmitir\u00e1n a terceros. [&hellip;]","og_url":"https:\/\/mederos-netzband.com\/de\/contacto\/","og_site_name":"NETZBAND &amp; MEDEROS","article_modified_time":"2024-02-19T13:02:02+00:00","og_image":[{"url":"https:\/\/mederos-netzband.com\/wp-content\/uploads\/2023\/10\/contact-img4.png","type":"","width":"","height":""}],"twitter_card":"summary_large_image","twitter_misc":{"Gesch\u00e4tzte Lesezeit":"1\u00a0Minute"},"schema":{"@context":"https:\/\/schema.org","@graph":[{"@type":"WebPage","@id":"https:\/\/mederos-netzband.com\/contacto\/","url":"https:\/\/mederos-netzband.com\/contacto\/","name":"CONTACTO - NETZBAND &amp; MEDEROS","isPartOf":{"@id":"https:\/\/mederos-netzband.com\/#website"},"primaryImageOfPage":{"@id":"https:\/\/mederos-netzband.com\/contacto\/#primaryimage"},"image":{"@id":"https:\/\/mederos-netzband.com\/contacto\/#primaryimage"},"thumbnailUrl":"https:\/\/mederos-netzband.com\/wp-content\/uploads\/2023\/10\/contact-img4.png","datePublished":"2023-10-04T09:31:20+00:00","dateModified":"2024-02-19T13:02:02+00:00","breadcrumb":{"@id":"https:\/\/mederos-netzband.com\/contacto\/#breadcrumb"},"inLanguage":"de","potentialAction":[{"@type":"ReadAction","target":["https:\/\/mederos-netzband.com\/contacto\/"]}]},{"@type":"ImageObject","inLanguage":"de","@id":"https:\/\/mederos-netzband.com\/contacto\/#primaryimage","url":"https:\/\/mederos-netzband.com\/wp-content\/uploads\/2023\/10\/contact-img4.png","contentUrl":"https:\/\/mederos-netzband.com\/wp-content\/uploads\/2023\/10\/contact-img4.png"},{"@type":"BreadcrumbList","@id":"https:\/\/mederos-netzband.com\/contacto\/#breadcrumb","itemListElement":[{"@type":"ListItem","position":1,"name":"inicio","item":"https:\/\/mederos-netzband.com\/"},{"@type":"ListItem","position":2,"name":"CONTACTO"}]},{"@type":"WebSite","@id":"https:\/\/mederos-netzband.com\/#website","url":"https:\/\/mederos-netzband.com\/","name":"NETZBAND & MEDEROS","description":"Despacho de abogados internacional","publisher":{"@id":"https:\/\/mederos-netzband.com\/#organization"},"alternateName":"MEDEROS & NETZBAND","potentialAction":[{"@type":"SearchAction","target":{"@type":"EntryPoint","urlTemplate":"https:\/\/mederos-netzband.com\/?s={search_term_string}"},"query-input":{"@type":"PropertyValueSpecification","valueRequired":true,"valueName":"search_term_string"}}],"inLanguage":"de"},{"@type":"Organization","@id":"https:\/\/mederos-netzband.com\/#organization","name":"NETZBAND & MEDEROS","alternateName":"MEDEROS & NETZBAND","url":"https:\/\/mederos-netzband.com\/","logo":{"@type":"ImageObject","inLanguage":"de","@id":"https:\/\/mederos-netzband.com\/#\/schema\/logo\/image\/","url":"https:\/\/mederos-netzband.com\/wp-content\/uploads\/2023\/11\/logo_netzband.png","contentUrl":"https:\/\/mederos-netzband.com\/wp-content\/uploads\/2023\/11\/logo_netzband.png","width":1777,"height":248,"caption":"NETZBAND & MEDEROS"},"image":{"@id":"https:\/\/mederos-netzband.com\/#\/schema\/logo\/image\/"}}]}},"uagb_featured_image_src":{"full":false,"thumbnail":false,"medium":false,"medium_large":false,"large":false,"1536x1536":false,"2048x2048":false,"trp-custom-language-flag":false},"uagb_author_info":{"display_name":"admin","author_link":"https:\/\/mederos-netzband.com\/de\/author\/admin\/"},"uagb_comment_info":0,"uagb_excerpt":"Contacto Despacho Internacional Hispano Alem\u00e1n NETZBAND &amp; MEDEROS Abogados Solicita una petici\u00f3n de videoconferencia Formulario de contacto Por el formulario de contacto v\u00eda email y por el formulario de videoconferencia doy mi consentimiento para el tratamiento de mis datos. Los datos son necesarios para procesar mi solicitud de contacto y no se transmitir\u00e1n a terceros.&hellip;","_links":{"self":[{"href":"https:\/\/mederos-netzband.com\/de\/wp-json\/wp\/v2\/pages\/117","targetHints":{"allow":["GET"]}}],"collection":[{"href":"https:\/\/mederos-netzband.com\/de\/wp-json\/wp\/v2\/pages"}],"about":[{"href":"https:\/\/mederos-netzband.com\/de\/wp-json\/wp\/v2\/types\/page"}],"author":[{"embeddable":true,"href":"https:\/\/mederos-netzband.com\/de\/wp-json\/wp\/v2\/users\/1"}],"replies":[{"embeddable":true,"href":"https:\/\/mederos-netzband.com\/de\/wp-json\/wp\/v2\/comments?post=117"}],"version-history":[{"count":81,"href":"https:\/\/mederos-netzband.com\/de\/wp-json\/wp\/v2\/pages\/117\/revisions"}],"predecessor-version":[{"id":809,"href":"https:\/\/mederos-netzband.com\/de\/wp-json\/wp\/v2\/pages\/117\/revisions\/809"}],"wp:attachment":[{"href":"https:\/\/mederos-netzband.com\/de\/wp-json\/wp\/v2\/media?parent=117"}],"curies":[{"name":"wp","href":"https:\/\/api.w.org\/{rel}","templated":true}]}}