{"id":109,"date":"2023-10-11T09:46:50","date_gmt":"2023-10-11T09:46:50","guid":{"rendered":"https:\/\/demo.bosathemes.com\/fse\/agence\/?page_id=101"},"modified":"2025-11-03T14:14:24","modified_gmt":"2025-11-03T14:14:24","slug":"wolfram-armin-netzband","status":"publish","type":"page","link":"https:\/\/mederos-netzband.com\/de\/socios\/wolfram-armin-netzband\/","title":{"rendered":"WOLFRAM ARMIN NETZBAND"},"content":{"rendered":"<div class=\"wp-block-uagb-container uagb-block-590cf2ee alignfull uagb-is-root-container\"><div class=\"uagb-container-inner-blocks-wrap\">\n<div class=\"wp-block-uagb-container uagb-block-6bb62b88 default uagb-is-root-container\">\n<div class=\"wp-block-uagb-container uagb-block-59b7dbf3\">\n<div class=\"wp-block-uagb-image uagb-block-9f8379cd wp-block-uagb-image--layout-default wp-block-uagb-image--effect-static wp-block-uagb-image--align-none\"><figure class=\"wp-block-uagb-image__figure\"><img decoding=\"async\" srcset=\"https:\/\/mederos-netzband.com\/wp-content\/uploads\/2024\/02\/wolfran.jpeg ,https:\/\/mederos-netzband.com\/wp-content\/uploads\/2024\/02\/wolfran.jpeg 780w, https:\/\/mederos-netzband.com\/wp-content\/uploads\/2024\/02\/wolfran.jpeg 360w\" sizes=\"auto, (max-width: 480px) 150px\" src=\"https:\/\/mederos-netzband.com\/wp-content\/uploads\/2024\/02\/wolfran.jpeg\" alt=\"\" class=\"uag-image-754\" width=\"540\" height=\"540\" title=\"\" loading=\"lazy\" role=\"img\"\/><\/figure><\/div>\n\n\n\n<div class=\"wp-block-uagb-container uagb-block-b7bd08f5 alignwide uagb-is-root-container\">      \n\t\t\t<div class=\"uagb-icon-wrapper uagb-block-4e8cbf36  wp-block-uagb-icon--has-margin\"\n\t\t\tstyle=\"\" >\n\t\t\t\t\t\t\t\t<div class='uagb-icon-margin-wrapper'>\n\t\t\t\t\t\t\t\t\t<span class=\"uagb-svg-wrapper\" \n\t\t\t\t\t aria-label=\"quote-left\"\t\t\t\t\ttabindex=\"0\">\t\t\n\t\t\t\t\t\t\t\t\t\t<svg xmlns=\"https:\/\/www.w3.org\/2000\/svg\" viewbox= \"0 0 448 512\" role=\"graphics-symbol\" aria-hidden=\"false\" aria-label=\"\"><path d=\"M96 224C84.72 224 74.05 226.3 64 229.9V224c0-35.3 28.7-64 64-64c17.67 0 32-14.33 32-32S145.7 96 128 96C57.42 96 0 153.4 0 224v96c0 53.02 42.98 96 96 96s96-42.98 96-96S149 224 96 224zM352 224c-11.28 0-21.95 2.305-32 5.879V224c0-35.3 28.7-64 64-64c17.67 0 32-14.33 32-32s-14.33-32-32-32c-70.58 0-128 57.42-128 128v96c0 53.02 42.98 96 96 96s96-42.98 96-96S405 224 352 224z\"><\/path><\/svg>\n\t\t\t\t\t\t\t\t\t<\/span>\n\t\t\t\t\t\t\t\t<\/div>\n\t\t\t\t\t\t\t<\/div>\n\t\t\t\n\n\n<p class=\"has-accent-text-color has-text-color\">Rechtsanwalt<\/p>\n<\/div>\n<\/div>\n\n\n\n<div class=\"wp-block-uagb-container uagb-block-5c6c6a4e\">\n<div class=\"wp-block-uagb-advanced-heading uagb-block-b423c1bd\"><h2 class=\"uagb-heading-text\"><strong>WOLFRAM ARMIN NETZBAND<\/strong><\/h2><\/div>\n\n\n\n<p class=\"has-secondary-color has-text-color has-link-color has-small-font-size wp-elements-fb0f741ba53e5cb127a300459c5fc46f\" style=\"margin-top:var(--wp--preset--spacing--x-small);margin-bottom:var(--wp--preset--spacing--x-small)\">Colegiado como ABOGADO&nbsp;en el Ilustre Colegio de Abogados de Las Palmas de Gran Canaria, facultado para actuar&nbsp;en todo el territorio espa\u00f1ol, colegiado 3.152<\/p>\n\n\n\n<p class=\"has-secondary-color has-text-color has-link-color has-small-font-size wp-elements-4712f8ba6a1a2ec63c8db51db1767c54\" style=\"margin-top:var(--wp--preset--spacing--xx-small);margin-bottom:var(--wp--preset--spacing--xx-small)\">Eingetragen als RECHTSANWALT bei der Rechtsanwaltskammer Frankfurt am Main, Deutschland, befugt, vor allen Gerichten im Hoheitsgebiet der Bundesrepublik Deutschland bis zum Landgericht aufzutreten, Mitglied 12.711.<\/p>\n\n\n\n<p class=\"has-secondary-color has-text-color has-link-color has-small-font-size wp-elements-f7fc1a9818914f2bb01da4dc20072aa4\" style=\"margin-top:var(--wp--preset--spacing--xx-small);margin-bottom:var(--wp--preset--spacing--xx-small)\">Studium der Rechtswissenschaften, abgeschlossen mit der Anerkennung der beiden Staatsexamen, die zur Aus\u00fcbung des Richteramtes auf dem Gebiet der Bundesrepublik Deutschland berechtigen.<\/p>\n\n\n\n<p class=\"has-secondary-color has-text-color has-link-color has-small-font-size wp-elements-22c7e1e9c7c8a1b68057886e2a63d757\" style=\"margin-top:var(--wp--preset--spacing--xx-small);margin-bottom:var(--wp--preset--spacing--xx-small)\">Mehrj\u00e4hrige T\u00e4tigkeit als Rechtsanwalt in Deutschland. Ausbildung im spanischen Recht, zweij\u00e4hriges Praktikum bei der Anwaltskammer Las Palmas de Gran Canaria, abgeschlossen mit der Registrierung als RECHTSANWALT in Spanien mit der Befugnis, in Spanien als Anwalt zu praktizieren.&nbsp;<\/p>\n\n\n\n<p class=\"has-secondary-color has-text-color has-link-color has-small-font-size wp-elements-a8c476dd76110c6aa6bbd731a3e6126f\" style=\"margin-top:var(--wp--preset--spacing--xx-small);margin-bottom:var(--wp--preset--spacing--xx-small)\">2.000 sind als Anwalt in der renommierten Anwaltskammer in Las Palmas de Gran Canaria eingetragen, Mitgliedsnummer 3.152<\/p>\n\n\n\n<p class=\"has-secondary-color has-text-color has-link-color has-small-font-size wp-elements-90bf640677bc758b929c051b649e877c\" style=\"margin-top:var(--wp--preset--spacing--xx-small);margin-bottom:var(--wp--preset--spacing--xx-small)\">Im Jahr 2000 gr\u00fcndete er die internationale spanisch-deutsche Anwaltskanzlei NETZBAND &amp; MEDEROS in Las Palmas de Gran Canaria und 2004 in Playa del Ingl\u00e9s.<\/p>\n<\/div>\n<\/div>\n\n\n\n<h3 class=\"wp-block-heading\"><strong>Universit\u00e4ts Studien<\/strong>:<\/h3>\n\n\n\n<p class=\"has-secondary-color has-text-color has-link-color has-small-font-size wp-elements-3e2e3629abb7d6090d8155407f6b6485\" style=\"margin-top:var(--wp--preset--spacing--xx-small);margin-bottom:var(--wp--preset--spacing--xx-small);padding-top:0;padding-bottom:0\">1984 bis 1986 Studium der Wirtschaftswissenschaften an der Johann Wolfgang Goethe-Universit\u00e4t Frankfurt am Main.<\/p>\n\n\n\n<p class=\"has-secondary-color has-text-color has-link-color has-small-font-size wp-elements-4114ddc2b6a3965be05f9cbaf3aed51f\" style=\"margin-top:var(--wp--preset--spacing--xx-small);margin-bottom:var(--wp--preset--spacing--xx-small);padding-top:0;padding-bottom:0\">1986 bis 1991 Studium der Rechtswissenschaften an der Universit\u00e4t Frankfurt am Main, Deutschland<\/p>\n\n\n\n<p class=\"has-secondary-color has-text-color has-link-color has-small-font-size wp-elements-24908a78c2e27f655c607a5228b16927\" style=\"margin-top:var(--wp--preset--spacing--xx-small);margin-bottom:var(--wp--preset--spacing--xx-small);padding-top:0;padding-bottom:0\">1988\/1989 Studium der Rechtswissenschaften an der Universit\u00e4t Freiburg.<\/p>\n\n\n\n<p class=\"has-secondary-color has-text-color has-link-color has-small-font-size wp-elements-321c7836af51da609e093eda6d7e8a75\" style=\"margin-top:var(--wp--preset--spacing--xx-small);margin-bottom:var(--wp--preset--spacing--xx-small);padding-top:0;padding-bottom:0\">1991 Abschluss des Jurastudiums mit dem ersten Staatsexamen als Rechtsassessor.<\/p>\n\n\n\n<p class=\"has-secondary-color has-text-color has-link-color has-small-font-size wp-elements-706cfd0c76dbde6ad9a580b7d881e0ff\" style=\"margin-top:var(--wp--preset--spacing--xx-small);margin-bottom:var(--wp--preset--spacing--xx-small);padding-top:0;padding-bottom:0\">1991 bis 1994 Referendariat, Referendariat beim Landgericht Frankfurt am Main, Deutschland.<\/p>\n\n\n\n<p class=\"has-secondary-color has-text-color has-link-color has-small-font-size wp-elements-1861248c94ca4060fe57caabba85fbd0\" style=\"margin-top:var(--wp--preset--spacing--xx-small);margin-bottom:var(--wp--preset--spacing--xx-small);padding-top:0;padding-bottom:0\">1994 Bestehen des zweiten juristischen Staatsexamens, das ihn zur Aus\u00fcbung des Richteramtes auf dem Gebiet der Bundesrepublik Deutschland berechtigt.<\/p>\n\n\n\n<p class=\"has-secondary-color has-text-color has-link-color has-small-font-size wp-elements-4321edc84b4cf57e0397aeca7da29428\" style=\"margin-top:var(--wp--preset--spacing--xx-small);margin-bottom:var(--wp--preset--spacing--xx-small);padding-top:0;padding-bottom:0\">1994 Eintragung als Rechtsanwalt bei der Rechtsanwaltskammer Frankfurt am Main, Mitgliedsnummer 12.711.<\/p>\n\n\n\n<h3 class=\"wp-block-heading\"><strong>Spezialisierung<\/strong>:<\/h3>\n\n\n\n<p class=\"has-secondary-color has-text-color has-link-color wp-elements-c2bf9711b605abf94c3d8b86ca2326ad\" style=\"margin-top:0;margin-right:0;margin-bottom:0;margin-left:0;padding-top:0;padding-right:0;padding-bottom:0;padding-left:0\">Zivilrecht, V\u00f6lkerrecht und deutsches Recht.<\/p>\n\n\n\n<p class=\"has-secondary-color has-text-color has-link-color wp-elements-69fbe456cb8525c58ebd8c83db35f697\" style=\"margin-top:0;margin-right:0;margin-bottom:0;margin-left:0\">Vertragsrecht, Kauf- und Verkaufsrecht und Immobilienrecht.<\/p>\n\n\n\n<p class=\"has-secondary-color has-text-color has-link-color wp-elements-9541f7bd9c4e5552dfda4b09f4e8bdc6\" style=\"margin-top:0;margin-right:0;margin-bottom:0;margin-left:0\">Anspruchsrecht, Entsch\u00e4digung, Erbschaft.<\/p>\n\n\n\n<h3 class=\"wp-block-heading\"><strong>Arbeitspl\u00e4tze<\/strong>:<\/h3>\n\n\n\n<p class=\"has-secondary-color has-text-color has-link-color has-small-font-size wp-elements-1386acf3e3808d7ef0a130a24b173271\" style=\"margin-top:var(--wp--preset--spacing--xx-small);margin-bottom:var(--wp--preset--spacing--xx-small);padding-top:0;padding-bottom:0\">1994 bis 1996 Rechtsanwalt, deutscher Rechtsanwalt, bei der Rechtsanwalts- und Notriatskanzlei, NETZBAND &amp; PARTNER, Frankfurt am Main, Deutschland.<\/p>\n\n\n\n<p class=\"has-secondary-color has-text-color has-link-color has-small-font-size wp-elements-73abd96867e1bdd3fafc76ea2457847f\" style=\"margin-top:var(--wp--preset--spacing--xx-small);margin-bottom:var(--wp--preset--spacing--xx-small);padding-top:0;padding-bottom:0\">1996 bis 1997 JIMENEZ &amp; ASOCIADOS-B\u00fcro in Puerto del Rosario, Spanien.<\/p>\n\n\n\n<p class=\"has-secondary-color has-text-color has-link-color has-small-font-size wp-elements-1f57b70eb3e68e1b1284d686bbd3303b\" style=\"margin-top:var(--wp--preset--spacing--xx-small);margin-bottom:var(--wp--preset--spacing--xx-small);padding-top:0;padding-bottom:0\">1997 bis 2000 Leitung der Niederlassung Puerto del Rosario der spanisch-deutschen internationalen Anwaltskanzlei STENGER &amp; PARTNER mit Sitz in Wiesbaden, Deutschland.<\/p>\n\n\n\n<p class=\"has-secondary-color has-text-color has-link-color has-small-font-size wp-elements-19a24cc87372bbb0ec804914f4c487e6\" style=\"margin-top:var(--wp--preset--spacing--xx-small);margin-bottom:var(--wp--preset--spacing--xx-small);padding-top:0;padding-bottom:0\">1999 bis 2000 Rechtspraktiker der Anwaltskammer von Las Palmas de Gran Canaria.<\/p>\n\n\n\n<p class=\"has-secondary-color has-text-color has-link-color has-small-font-size wp-elements-28cf8db930b970c61e9cd847c6e43e5e\" style=\"margin-top:var(--wp--preset--spacing--xx-small);margin-bottom:var(--wp--preset--spacing--xx-small)\">2.000 sind als Rechtsanwalt in der Anwaltskammer Las Palmas de Gran Canaria eingetragen, Mitgliedsnummer 3.145.<\/p>\n\n\n\n<p class=\"has-secondary-color has-text-color has-link-color has-small-font-size wp-elements-ac6a532aaf812a0cbff038c6f6093393\" style=\"margin-top:var(--wp--preset--spacing--xx-small);margin-bottom:var(--wp--preset--spacing--xx-small)\">2000 Spanisch-Deutsche internationale Anwaltskanzlei NETZBAND &amp; MEDEROS, Las Palmas de Gran Canaria.<\/p>\n\n\n\n<p class=\"has-secondary-color has-text-color has-link-color has-small-font-size wp-elements-0a5d57888193f6071c77c1024a100551\" style=\"margin-top:var(--wp--preset--spacing--xx-small);margin-bottom:var(--wp--preset--spacing--xx-small)\">&nbsp;2004 Playa del Ingl\u00e9s B\u00fcro NETZBAND &amp; MEDEROS.<\/p>\n\n\n\n<h4 class=\"wp-block-heading\"><strong>Andere Aktivit\u00e4ten<\/strong>:<\/h4>\n\n\n\n<div class=\"wp-block-columns is-layout-flex wp-container-core-columns-is-layout-e905d13b wp-block-columns-is-layout-flex\" style=\"margin-top:var(--wp--preset--spacing--small)\">\n<div class=\"wp-block-column is-layout-flow wp-block-column-is-layout-flow\">\n<div class=\"wp-block-uagb-icon-list uagb-block-52523bfc\"><div class=\"uagb-icon-list__wrap\">\n<div class=\"wp-block-uagb-icon-list-child uagb-block-d4e97d64\"><span class=\"uagb-icon-list__source-wrap\"><svg xmlns=\"https:\/\/www.w3.org\/2000\/svg\" viewbox=\"0 0 512 512\"><path d=\"M0 256C0 114.6 114.6 0 256 0C397.4 0 512 114.6 512 256C512 397.4 397.4 512 256 512C114.6 512 0 397.4 0 256zM371.8 211.8C382.7 200.9 382.7 183.1 371.8 172.2C360.9 161.3 343.1 161.3 332.2 172.2L224 280.4L179.8 236.2C168.9 225.3 151.1 225.3 140.2 236.2C129.3 247.1 129.3 264.9 140.2 275.8L204.2 339.8C215.1 350.7 232.9 350.7 243.8 339.8L371.8 211.8z\"><\/path><\/svg><\/span><span class=\"uagb-icon-list__label\">Seit 2015 Mitglied des Vorstands der Offiziellen Deutschen Schule Las Palmas de Gran Canaria, Deutsche Schule Las Palmas de Gran Canaria.<\/span><\/div>\n<\/div><\/div>\n<\/div>\n<\/div>\n\n\n\n<div class=\"wp-block-uagb-container uagb-block-9294f88b\">\n<div data-aos= \"fade-right\" data-aos-duration=\"400\" data-aos-delay=\"0\" data-aos-easing=\"ease\" data-aos-once=\"true\" class=\"wp-block-uagb-container uagb-block-c0ad021c alignfull uagb-is-root-container\"><div class=\"uagb-container-inner-blocks-wrap\">\n<div class=\"wp-block-uagb-container uagb-block-b40235d2\">\n<div class=\"wp-block-uagb-info-box uagb-block-b323e4b3 uagb-infobox__content-wrap  uagb-infobox-icon-left uagb-infobox-left uagb-infobox-stacked-mobile uagb-infobox-image-valign-top\"><div class=\"uagb-ifb-icon-wrap\"><div class=\"uagb-iconbox-icon-wrap uagb-infobox-shape-circle\"><svg xmlns=\"https:\/\/www.w3.org\/2000\/svg\" viewbox=\"0 0 512 512\"><path d=\"M511.2 387l-23.25 100.8c-3.266 14.25-15.79 24.22-30.46 24.22C205.2 512 0 306.8 0 54.5c0-14.66 9.969-27.2 24.22-30.45l100.8-23.25C139.7-2.602 154.7 5.018 160.8 18.92l46.52 108.5c5.438 12.78 1.77 27.67-8.98 36.45L144.5 207.1c33.98 69.22 90.26 125.5 159.5 159.5l44.08-53.8c8.688-10.78 23.69-14.51 36.47-8.975l108.5 46.51C506.1 357.2 514.6 372.4 511.2 387z\"><\/path><\/svg><\/div><\/div><div class=\"uagb-ifb-content\"><div class=\"uagb-ifb-title-wrap\"><h6 class=\"uagb-ifb-title\">OBT\u00c9N UNA CONSULTA<\/h6><\/div><p class=\"uagb-ifb-desc\"><strong>928 768 280<\/strong><\/p><\/div><\/div>\n<\/div>\n\n\n\n<div class=\"wp-block-uagb-container uagb-block-d43b0052\">\n<p class=\"has-text-align-left has-accent-text-color has-text-color has-small-font-size\">Ben\u00f6tigen Sie Rechtsberatung von Anw\u00e4lten auf Spanisch oder Deutsch?<\/p>\n<\/div>\n\n\n\n<div class=\"wp-block-uagb-container uagb-block-2f15e8af\">\n<div class=\"wp-block-uagb-buttons uagb-buttons__outer-wrap uagb-btn__default-btn uagb-btn-tablet__default-btn uagb-btn-mobile__default-btn uagb-block-e12c7df1\"><div class=\"uagb-buttons__wrap uagb-buttons-layout-wrap\">\n<div class=\"wp-block-uagb-buttons-child uagb-buttons__outer-wrap uagb-block-a2197062 wp-block-button\"><div class=\"uagb-button__wrapper\"><a class=\"uagb-buttons-repeater wp-block-button__link\" aria-label=\"\" href=\"https:\/\/mederos-netzband.com\/de\/contact\/\" rel=\"follow noopener\" target=\"_self\" role=\"button\"><div class=\"uagb-button__link\">EINEN TERMIN MACHEN<\/div><\/a><\/div><\/div>\n<\/div><\/div>\n<\/div>\n<\/div><\/div>\n<\/div>\n<\/div><\/div>","protected":false},"excerpt":{"rendered":"<p>Rechtsanwalt &#8211; Abogado WOLFRAM ARMIN NETZBAND Colegiado como ABOGADO&nbsp;en el Ilustre Colegio de Abogados de Las Palmas de Gran Canaria, facultado para actuar&nbsp;en todo el territorio espa\u00f1ol, colegiado 3.152 Colegiado como RECHTSANWALT en el&nbsp;Colegio Abogados, Rechtsanwaltskammer, Frankfurt am Main, Alemania, facultado para actuar en todos los Juzgados del territorio de Alemania hasta la Audiencia Territorial, [&hellip;]<\/p>","protected":false},"author":1,"featured_media":0,"parent":127,"menu_order":0,"comment_status":"closed","ping_status":"closed","template":"full-width","meta":{"_uag_custom_page_level_css":"","footnotes":""},"class_list":["post-109","page","type-page","status-publish","hentry"],"yoast_head":"<!-- This site is optimized with the Yoast SEO plugin v26.4 - https:\/\/yoast.com\/wordpress\/plugins\/seo\/ -->\n<title>WOLFRAM ARMIN NETZBAND - NETZBAND &amp; MEDEROS<\/title>\n<meta name=\"robots\" content=\"index, follow, max-snippet:-1, max-image-preview:large, max-video-preview:-1\" \/>\n<link rel=\"canonical\" href=\"https:\/\/mederos-netzband.com\/de\/socios\/wolfram-armin-netzband\/\" \/>\n<meta property=\"og:locale\" content=\"de_DE\" \/>\n<meta property=\"og:type\" content=\"article\" \/>\n<meta property=\"og:title\" content=\"WOLFRAM ARMIN NETZBAND - NETZBAND &amp; MEDEROS\" \/>\n<meta property=\"og:description\" content=\"Rechtsanwalt &#8211; Abogado WOLFRAM ARMIN NETZBAND Colegiado como ABOGADO&nbsp;en el Ilustre Colegio de Abogados de Las Palmas de Gran Canaria, facultado para actuar&nbsp;en todo el territorio espa\u00f1ol, colegiado 3.152 Colegiado como RECHTSANWALT en el&nbsp;Colegio Abogados, Rechtsanwaltskammer, Frankfurt am Main, Alemania, facultado para actuar en todos los Juzgados del territorio de Alemania hasta la Audiencia Territorial, [&hellip;]\" \/>\n<meta property=\"og:url\" content=\"https:\/\/mederos-netzband.com\/de\/socios\/wolfram-armin-netzband\/\" \/>\n<meta property=\"og:site_name\" content=\"NETZBAND &amp; MEDEROS\" \/>\n<meta property=\"article:modified_time\" content=\"2025-11-03T14:14:24+00:00\" \/>\n<meta property=\"og:image\" content=\"https:\/\/mederos-netzband.com\/wp-content\/uploads\/2024\/02\/wolfran.jpeg\" \/>\n<meta name=\"twitter:card\" content=\"summary_large_image\" \/>\n<script type=\"application\/ld+json\" class=\"yoast-schema-graph\">{\"@context\":\"https:\/\/schema.org\",\"@graph\":[{\"@type\":\"WebPage\",\"@id\":\"https:\/\/mederos-netzband.com\/socios\/wolfram-armin-netzband\/\",\"url\":\"https:\/\/mederos-netzband.com\/socios\/wolfram-armin-netzband\/\",\"name\":\"WOLFRAM ARMIN NETZBAND - NETZBAND &amp; MEDEROS\",\"isPartOf\":{\"@id\":\"https:\/\/mederos-netzband.com\/#website\"},\"primaryImageOfPage\":{\"@id\":\"https:\/\/mederos-netzband.com\/socios\/wolfram-armin-netzband\/#primaryimage\"},\"image\":{\"@id\":\"https:\/\/mederos-netzband.com\/socios\/wolfram-armin-netzband\/#primaryimage\"},\"thumbnailUrl\":\"https:\/\/mederos-netzband.com\/wp-content\/uploads\/2024\/02\/wolfran.jpeg\",\"datePublished\":\"2023-10-11T09:46:50+00:00\",\"dateModified\":\"2025-11-03T14:14:24+00:00\",\"breadcrumb\":{\"@id\":\"https:\/\/mederos-netzband.com\/socios\/wolfram-armin-netzband\/#breadcrumb\"},\"inLanguage\":\"de\",\"potentialAction\":[{\"@type\":\"ReadAction\",\"target\":[\"https:\/\/mederos-netzband.com\/socios\/wolfram-armin-netzband\/\"]}]},{\"@type\":\"ImageObject\",\"inLanguage\":\"de\",\"@id\":\"https:\/\/mederos-netzband.com\/socios\/wolfram-armin-netzband\/#primaryimage\",\"url\":\"https:\/\/mederos-netzband.com\/wp-content\/uploads\/2024\/02\/wolfran.jpeg\",\"contentUrl\":\"https:\/\/mederos-netzband.com\/wp-content\/uploads\/2024\/02\/wolfran.jpeg\"},{\"@type\":\"BreadcrumbList\",\"@id\":\"https:\/\/mederos-netzband.com\/socios\/wolfram-armin-netzband\/#breadcrumb\",\"itemListElement\":[{\"@type\":\"ListItem\",\"position\":1,\"name\":\"inicio\",\"item\":\"https:\/\/mederos-netzband.com\/\"},{\"@type\":\"ListItem\",\"position\":2,\"name\":\"SOCIOS\",\"item\":\"https:\/\/mederos-netzband.com\/socios\/\"},{\"@type\":\"ListItem\",\"position\":3,\"name\":\"WOLFRAM ARMIN NETZBAND\"}]},{\"@type\":\"WebSite\",\"@id\":\"https:\/\/mederos-netzband.com\/#website\",\"url\":\"https:\/\/mederos-netzband.com\/\",\"name\":\"NETZBAND & MEDEROS\",\"description\":\"Despacho de abogados internacional\",\"publisher\":{\"@id\":\"https:\/\/mederos-netzband.com\/#organization\"},\"alternateName\":\"MEDEROS & NETZBAND\",\"potentialAction\":[{\"@type\":\"SearchAction\",\"target\":{\"@type\":\"EntryPoint\",\"urlTemplate\":\"https:\/\/mederos-netzband.com\/?s={search_term_string}\"},\"query-input\":{\"@type\":\"PropertyValueSpecification\",\"valueRequired\":true,\"valueName\":\"search_term_string\"}}],\"inLanguage\":\"de\"},{\"@type\":\"Organization\",\"@id\":\"https:\/\/mederos-netzband.com\/#organization\",\"name\":\"NETZBAND & MEDEROS\",\"alternateName\":\"MEDEROS & NETZBAND\",\"url\":\"https:\/\/mederos-netzband.com\/\",\"logo\":{\"@type\":\"ImageObject\",\"inLanguage\":\"de\",\"@id\":\"https:\/\/mederos-netzband.com\/#\/schema\/logo\/image\/\",\"url\":\"https:\/\/mederos-netzband.com\/wp-content\/uploads\/2023\/11\/logo_netzband.png\",\"contentUrl\":\"https:\/\/mederos-netzband.com\/wp-content\/uploads\/2023\/11\/logo_netzband.png\",\"width\":1777,\"height\":248,\"caption\":\"NETZBAND & MEDEROS\"},\"image\":{\"@id\":\"https:\/\/mederos-netzband.com\/#\/schema\/logo\/image\/\"}}]}<\/script>\n<!-- \/ Yoast SEO plugin. -->","yoast_head_json":{"title":"WOLFRAM ARMIN NETZBAND - NETZBAND &amp; MEDEROS","robots":{"index":"index","follow":"follow","max-snippet":"max-snippet:-1","max-image-preview":"max-image-preview:large","max-video-preview":"max-video-preview:-1"},"canonical":"https:\/\/mederos-netzband.com\/de\/socios\/wolfram-armin-netzband\/","og_locale":"de_DE","og_type":"article","og_title":"WOLFRAM ARMIN NETZBAND - NETZBAND &amp; MEDEROS","og_description":"Rechtsanwalt &#8211; Abogado WOLFRAM ARMIN NETZBAND Colegiado como ABOGADO&nbsp;en el Ilustre Colegio de Abogados de Las Palmas de Gran Canaria, facultado para actuar&nbsp;en todo el territorio espa\u00f1ol, colegiado 3.152 Colegiado como RECHTSANWALT en el&nbsp;Colegio Abogados, Rechtsanwaltskammer, Frankfurt am Main, Alemania, facultado para actuar en todos los Juzgados del territorio de Alemania hasta la Audiencia Territorial, [&hellip;]","og_url":"https:\/\/mederos-netzband.com\/de\/socios\/wolfram-armin-netzband\/","og_site_name":"NETZBAND &amp; MEDEROS","article_modified_time":"2025-11-03T14:14:24+00:00","og_image":[{"url":"https:\/\/mederos-netzband.com\/wp-content\/uploads\/2024\/02\/wolfran.jpeg","type":"","width":"","height":""}],"twitter_card":"summary_large_image","schema":{"@context":"https:\/\/schema.org","@graph":[{"@type":"WebPage","@id":"https:\/\/mederos-netzband.com\/socios\/wolfram-armin-netzband\/","url":"https:\/\/mederos-netzband.com\/socios\/wolfram-armin-netzband\/","name":"WOLFRAM ARMIN NETZBAND - NETZBAND &amp; MEDEROS","isPartOf":{"@id":"https:\/\/mederos-netzband.com\/#website"},"primaryImageOfPage":{"@id":"https:\/\/mederos-netzband.com\/socios\/wolfram-armin-netzband\/#primaryimage"},"image":{"@id":"https:\/\/mederos-netzband.com\/socios\/wolfram-armin-netzband\/#primaryimage"},"thumbnailUrl":"https:\/\/mederos-netzband.com\/wp-content\/uploads\/2024\/02\/wolfran.jpeg","datePublished":"2023-10-11T09:46:50+00:00","dateModified":"2025-11-03T14:14:24+00:00","breadcrumb":{"@id":"https:\/\/mederos-netzband.com\/socios\/wolfram-armin-netzband\/#breadcrumb"},"inLanguage":"de","potentialAction":[{"@type":"ReadAction","target":["https:\/\/mederos-netzband.com\/socios\/wolfram-armin-netzband\/"]}]},{"@type":"ImageObject","inLanguage":"de","@id":"https:\/\/mederos-netzband.com\/socios\/wolfram-armin-netzband\/#primaryimage","url":"https:\/\/mederos-netzband.com\/wp-content\/uploads\/2024\/02\/wolfran.jpeg","contentUrl":"https:\/\/mederos-netzband.com\/wp-content\/uploads\/2024\/02\/wolfran.jpeg"},{"@type":"BreadcrumbList","@id":"https:\/\/mederos-netzband.com\/socios\/wolfram-armin-netzband\/#breadcrumb","itemListElement":[{"@type":"ListItem","position":1,"name":"inicio","item":"https:\/\/mederos-netzband.com\/"},{"@type":"ListItem","position":2,"name":"SOCIOS","item":"https:\/\/mederos-netzband.com\/socios\/"},{"@type":"ListItem","position":3,"name":"WOLFRAM ARMIN NETZBAND"}]},{"@type":"WebSite","@id":"https:\/\/mederos-netzband.com\/#website","url":"https:\/\/mederos-netzband.com\/","name":"NETZBAND & MEDEROS","description":"Despacho de abogados internacional","publisher":{"@id":"https:\/\/mederos-netzband.com\/#organization"},"alternateName":"MEDEROS & NETZBAND","potentialAction":[{"@type":"SearchAction","target":{"@type":"EntryPoint","urlTemplate":"https:\/\/mederos-netzband.com\/?s={search_term_string}"},"query-input":{"@type":"PropertyValueSpecification","valueRequired":true,"valueName":"search_term_string"}}],"inLanguage":"de"},{"@type":"Organization","@id":"https:\/\/mederos-netzband.com\/#organization","name":"NETZBAND & MEDEROS","alternateName":"MEDEROS & NETZBAND","url":"https:\/\/mederos-netzband.com\/","logo":{"@type":"ImageObject","inLanguage":"de","@id":"https:\/\/mederos-netzband.com\/#\/schema\/logo\/image\/","url":"https:\/\/mederos-netzband.com\/wp-content\/uploads\/2023\/11\/logo_netzband.png","contentUrl":"https:\/\/mederos-netzband.com\/wp-content\/uploads\/2023\/11\/logo_netzband.png","width":1777,"height":248,"caption":"NETZBAND & MEDEROS"},"image":{"@id":"https:\/\/mederos-netzband.com\/#\/schema\/logo\/image\/"}}]}},"uagb_featured_image_src":{"full":false,"thumbnail":false,"medium":false,"medium_large":false,"large":false,"1536x1536":false,"2048x2048":false,"trp-custom-language-flag":false},"uagb_author_info":{"display_name":"admin","author_link":"https:\/\/mederos-netzband.com\/de\/author\/admin\/"},"uagb_comment_info":0,"uagb_excerpt":"Rechtsanwalt &#8211; Abogado WOLFRAM ARMIN NETZBAND Colegiado como ABOGADO&nbsp;en el Ilustre Colegio de Abogados de Las Palmas de Gran Canaria, facultado para actuar&nbsp;en todo el territorio espa\u00f1ol, colegiado 3.152 Colegiado como RECHTSANWALT en el&nbsp;Colegio Abogados, Rechtsanwaltskammer, Frankfurt am Main, Alemania, facultado para actuar en todos los Juzgados del territorio de Alemania hasta la Audiencia Territorial,&hellip;","_links":{"self":[{"href":"https:\/\/mederos-netzband.com\/de\/wp-json\/wp\/v2\/pages\/109","targetHints":{"allow":["GET"]}}],"collection":[{"href":"https:\/\/mederos-netzband.com\/de\/wp-json\/wp\/v2\/pages"}],"about":[{"href":"https:\/\/mederos-netzband.com\/de\/wp-json\/wp\/v2\/types\/page"}],"author":[{"embeddable":true,"href":"https:\/\/mederos-netzband.com\/de\/wp-json\/wp\/v2\/users\/1"}],"replies":[{"embeddable":true,"href":"https:\/\/mederos-netzband.com\/de\/wp-json\/wp\/v2\/comments?post=109"}],"version-history":[{"count":14,"href":"https:\/\/mederos-netzband.com\/de\/wp-json\/wp\/v2\/pages\/109\/revisions"}],"predecessor-version":[{"id":821,"href":"https:\/\/mederos-netzband.com\/de\/wp-json\/wp\/v2\/pages\/109\/revisions\/821"}],"up":[{"embeddable":true,"href":"https:\/\/mederos-netzband.com\/de\/wp-json\/wp\/v2\/pages\/127"}],"wp:attachment":[{"href":"https:\/\/mederos-netzband.com\/de\/wp-json\/wp\/v2\/media?parent=109"}],"curies":[{"name":"wp","href":"https:\/\/api.w.org\/{rel}","templated":true}]}}